{"id":256627,"date":"2024-05-23T16:55:54","date_gmt":"2024-05-23T14:55:54","guid":{"rendered":"https:\/\/juniorb.it\/prodotto\/bracciale-briciole-bimbo-oro-rosa-e-pave-le-bebe-lbb327\/"},"modified":"2025-10-09T15:13:08","modified_gmt":"2025-10-09T13:13:08","slug":"bracciale-briciole-bimbo-oro-rosa-e-pave-le-bebe-lbb327","status":"publish","type":"product","link":"https:\/\/juniorb.it\/en\/prodotto\/bracciale-briciole-bimbo-oro-rosa-e-pave-le-bebe-lbb327\/","title":{"rendered":"MALE CRUMB BRACELET ROSE GOLD AND PAV\u00c9 LE BEBE&#8217; LBB327"},"content":{"rendered":"<p>Item number: LBB327<br \/>\nCollection: LE BRICIOLE<br \/>\nMaterial: rose gold 18 Kt<br \/>\nStones: Diamonds<br \/>\nCarat: 0,03 ct<br \/>\nLenght: 18 cm<br \/>\nWeight: 1,6 gr<\/p>\n","protected":false},"excerpt":{"rendered":"<p>Briciole male bracelet in 18 Kt rose gold adjustable in rol\u00f2 mesh<br \/>\nClasp with logo and pav\u00e9 shape<\/p>\n","protected":false},"featured_media":256626,"comment_status":"open","ping_status":"closed","template":"","meta":{"_acf_changed":false},"product_brand":[49529],"product_cat":[7714],"product_tag":[44556],"giftcard-category":[],"class_list":{"0":"post-256627","1":"product","2":"type-product","3":"status-publish","4":"has-post-thumbnail","6":"product_brand-le-bebe-en","7":"product_cat-bracciali-donna-en","8":"product_tag-bracciale-en-15","9":"pa_brand-le-bebe-en","11":"first","12":"instock","13":"taxable","14":"shipping-taxable","15":"purchasable","16":"product-type-simple","17":"add-to-wishlist-after_add_to_cart","19":"catalog-layout-default","20":"columns-xs-2"},"acf":[],"yoast_head":"<!-- This site is optimized with the Yoast SEO plugin v25.4 - https:\/\/yoast.com\/wordpress\/plugins\/seo\/ -->\n<title>MALE CRUMB BRACELET ROSE GOLD AND PAV\u00c9 LE BEBE&#039; LBB327 - Juniorb<\/title>\n<meta name=\"robots\" content=\"index, follow, max-snippet:-1, max-image-preview:large, max-video-preview:-1\" \/>\n<link rel=\"canonical\" href=\"https:\/\/juniorb.it\/en\/prodotto\/bracciale-briciole-bimbo-oro-rosa-e-pave-le-bebe-lbb327\/\" \/>\n<meta property=\"og:locale\" content=\"en_US\" \/>\n<meta property=\"og:type\" content=\"article\" \/>\n<meta property=\"og:title\" content=\"MALE CRUMB BRACELET ROSE GOLD AND PAV\u00c9 LE BEBE&#039; LBB327 - Juniorb\" \/>\n<meta property=\"og:description\" content=\"Briciole male bracelet in 18 Kt rose gold adjustable in rol\u00f2 mesh Clasp with logo and pav\u00e9 shape\" \/>\n<meta property=\"og:url\" content=\"https:\/\/juniorb.it\/en\/prodotto\/bracciale-briciole-bimbo-oro-rosa-e-pave-le-bebe-lbb327\/\" \/>\n<meta property=\"og:site_name\" content=\"Juniorb\" \/>\n<meta property=\"article:publisher\" content=\"https:\/\/www.facebook.com\/JuniorBItalia\" \/>\n<meta property=\"article:modified_time\" content=\"2025-10-09T13:13:08+00:00\" \/>\n<meta property=\"og:image\" content=\"https:\/\/juniorb.it\/wp-content\/uploads\/2024\/05\/369-vfn-2-BRACCIALE-BRICIOLE-BIMBO-ORO-ROSA-E-PAVE-LE-BEBE-LBB327-2.jpg\" \/>\n\t<meta property=\"og:image:width\" content=\"800\" \/>\n\t<meta property=\"og:image:height\" content=\"600\" \/>\n\t<meta property=\"og:image:type\" content=\"image\/jpeg\" \/>\n<meta name=\"twitter:card\" content=\"summary_large_image\" \/>\n<script type=\"application\/ld+json\" class=\"yoast-schema-graph\">{\"@context\":\"https:\/\/schema.org\",\"@graph\":[{\"@type\":\"WebPage\",\"@id\":\"https:\/\/juniorb.it\/en\/prodotto\/bracciale-briciole-bimbo-oro-rosa-e-pave-le-bebe-lbb327\/\",\"url\":\"https:\/\/juniorb.it\/en\/prodotto\/bracciale-briciole-bimbo-oro-rosa-e-pave-le-bebe-lbb327\/\",\"name\":\"MALE CRUMB BRACELET ROSE GOLD AND PAV\u00c9 LE BEBE' LBB327 - Juniorb\",\"isPartOf\":{\"@id\":\"https:\/\/juniorb.it\/en\/#website\"},\"primaryImageOfPage\":{\"@id\":\"https:\/\/juniorb.it\/en\/prodotto\/bracciale-briciole-bimbo-oro-rosa-e-pave-le-bebe-lbb327\/#primaryimage\"},\"image\":{\"@id\":\"https:\/\/juniorb.it\/en\/prodotto\/bracciale-briciole-bimbo-oro-rosa-e-pave-le-bebe-lbb327\/#primaryimage\"},\"thumbnailUrl\":\"https:\/\/juniorb.it\/wp-content\/uploads\/2024\/05\/369-vfn-2-BRACCIALE-BRICIOLE-BIMBO-ORO-ROSA-E-PAVE-LE-BEBE-LBB327-2.jpg\",\"datePublished\":\"2024-05-23T14:55:54+00:00\",\"dateModified\":\"2025-10-09T13:13:08+00:00\",\"breadcrumb\":{\"@id\":\"https:\/\/juniorb.it\/en\/prodotto\/bracciale-briciole-bimbo-oro-rosa-e-pave-le-bebe-lbb327\/#breadcrumb\"},\"inLanguage\":\"en-US\",\"potentialAction\":[{\"@type\":\"ReadAction\",\"target\":[\"https:\/\/juniorb.it\/en\/prodotto\/bracciale-briciole-bimbo-oro-rosa-e-pave-le-bebe-lbb327\/\"]}]},{\"@type\":\"ImageObject\",\"inLanguage\":\"en-US\",\"@id\":\"https:\/\/juniorb.it\/en\/prodotto\/bracciale-briciole-bimbo-oro-rosa-e-pave-le-bebe-lbb327\/#primaryimage\",\"url\":\"https:\/\/juniorb.it\/wp-content\/uploads\/2024\/05\/369-vfn-2-BRACCIALE-BRICIOLE-BIMBO-ORO-ROSA-E-PAVE-LE-BEBE-LBB327-2.jpg\",\"contentUrl\":\"https:\/\/juniorb.it\/wp-content\/uploads\/2024\/05\/369-vfn-2-BRACCIALE-BRICIOLE-BIMBO-ORO-ROSA-E-PAVE-LE-BEBE-LBB327-2.jpg\",\"width\":800,\"height\":600},{\"@type\":\"BreadcrumbList\",\"@id\":\"https:\/\/juniorb.it\/en\/prodotto\/bracciale-briciole-bimbo-oro-rosa-e-pave-le-bebe-lbb327\/#breadcrumb\",\"itemListElement\":[{\"@type\":\"ListItem\",\"position\":1,\"name\":\"Home\",\"item\":\"https:\/\/juniorb.it\/en\/\"},{\"@type\":\"ListItem\",\"position\":2,\"name\":\"Shop\",\"item\":\"https:\/\/juniorb.it\/negozio\/\"},{\"@type\":\"ListItem\",\"position\":3,\"name\":\"MALE CRUMB BRACELET ROSE GOLD AND PAV\u00c9 LE BEBE&#8217; LBB327\"}]},{\"@type\":\"WebSite\",\"@id\":\"https:\/\/juniorb.it\/en\/#website\",\"url\":\"https:\/\/juniorb.it\/en\/\",\"name\":\"Juniorb\",\"description\":\"\",\"publisher\":{\"@id\":\"https:\/\/juniorb.it\/en\/#organization\"},\"potentialAction\":[{\"@type\":\"SearchAction\",\"target\":{\"@type\":\"EntryPoint\",\"urlTemplate\":\"https:\/\/juniorb.it\/en\/?s={search_term_string}\"},\"query-input\":{\"@type\":\"PropertyValueSpecification\",\"valueRequired\":true,\"valueName\":\"search_term_string\"}}],\"inLanguage\":\"en-US\"},{\"@type\":\"Organization\",\"@id\":\"https:\/\/juniorb.it\/en\/#organization\",\"name\":\"Juniorb\",\"url\":\"https:\/\/juniorb.it\/en\/\",\"logo\":{\"@type\":\"ImageObject\",\"inLanguage\":\"en-US\",\"@id\":\"https:\/\/juniorb.it\/en\/#\/schema\/logo\/image\/\",\"url\":\"https:\/\/juniorb.it\/wp-content\/uploads\/2025\/02\/footer-logo.png\",\"contentUrl\":\"https:\/\/juniorb.it\/wp-content\/uploads\/2025\/02\/footer-logo.png\",\"width\":160,\"height\":136,\"caption\":\"Juniorb\"},\"image\":{\"@id\":\"https:\/\/juniorb.it\/en\/#\/schema\/logo\/image\/\"},\"sameAs\":[\"https:\/\/www.facebook.com\/JuniorBItalia\",\"https:\/\/www.instagram.com\/juniorb_it\/\"]}]}<\/script>\n<!-- \/ Yoast SEO plugin. -->","yoast_head_json":{"title":"MALE CRUMB BRACELET ROSE GOLD AND PAV\u00c9 LE BEBE' LBB327 - Juniorb","robots":{"index":"index","follow":"follow","max-snippet":"max-snippet:-1","max-image-preview":"max-image-preview:large","max-video-preview":"max-video-preview:-1"},"canonical":"https:\/\/juniorb.it\/en\/prodotto\/bracciale-briciole-bimbo-oro-rosa-e-pave-le-bebe-lbb327\/","og_locale":"en_US","og_type":"article","og_title":"MALE CRUMB BRACELET ROSE GOLD AND PAV\u00c9 LE BEBE' LBB327 - Juniorb","og_description":"Briciole male bracelet in 18 Kt rose gold adjustable in rol\u00f2 mesh Clasp with logo and pav\u00e9 shape","og_url":"https:\/\/juniorb.it\/en\/prodotto\/bracciale-briciole-bimbo-oro-rosa-e-pave-le-bebe-lbb327\/","og_site_name":"Juniorb","article_publisher":"https:\/\/www.facebook.com\/JuniorBItalia","article_modified_time":"2025-10-09T13:13:08+00:00","og_image":[{"width":800,"height":600,"url":"https:\/\/juniorb.it\/wp-content\/uploads\/2024\/05\/369-vfn-2-BRACCIALE-BRICIOLE-BIMBO-ORO-ROSA-E-PAVE-LE-BEBE-LBB327-2.jpg","type":"image\/jpeg"}],"twitter_card":"summary_large_image","schema":{"@context":"https:\/\/schema.org","@graph":[{"@type":"WebPage","@id":"https:\/\/juniorb.it\/en\/prodotto\/bracciale-briciole-bimbo-oro-rosa-e-pave-le-bebe-lbb327\/","url":"https:\/\/juniorb.it\/en\/prodotto\/bracciale-briciole-bimbo-oro-rosa-e-pave-le-bebe-lbb327\/","name":"MALE CRUMB BRACELET ROSE GOLD AND PAV\u00c9 LE BEBE' LBB327 - Juniorb","isPartOf":{"@id":"https:\/\/juniorb.it\/en\/#website"},"primaryImageOfPage":{"@id":"https:\/\/juniorb.it\/en\/prodotto\/bracciale-briciole-bimbo-oro-rosa-e-pave-le-bebe-lbb327\/#primaryimage"},"image":{"@id":"https:\/\/juniorb.it\/en\/prodotto\/bracciale-briciole-bimbo-oro-rosa-e-pave-le-bebe-lbb327\/#primaryimage"},"thumbnailUrl":"https:\/\/juniorb.it\/wp-content\/uploads\/2024\/05\/369-vfn-2-BRACCIALE-BRICIOLE-BIMBO-ORO-ROSA-E-PAVE-LE-BEBE-LBB327-2.jpg","datePublished":"2024-05-23T14:55:54+00:00","dateModified":"2025-10-09T13:13:08+00:00","breadcrumb":{"@id":"https:\/\/juniorb.it\/en\/prodotto\/bracciale-briciole-bimbo-oro-rosa-e-pave-le-bebe-lbb327\/#breadcrumb"},"inLanguage":"en-US","potentialAction":[{"@type":"ReadAction","target":["https:\/\/juniorb.it\/en\/prodotto\/bracciale-briciole-bimbo-oro-rosa-e-pave-le-bebe-lbb327\/"]}]},{"@type":"ImageObject","inLanguage":"en-US","@id":"https:\/\/juniorb.it\/en\/prodotto\/bracciale-briciole-bimbo-oro-rosa-e-pave-le-bebe-lbb327\/#primaryimage","url":"https:\/\/juniorb.it\/wp-content\/uploads\/2024\/05\/369-vfn-2-BRACCIALE-BRICIOLE-BIMBO-ORO-ROSA-E-PAVE-LE-BEBE-LBB327-2.jpg","contentUrl":"https:\/\/juniorb.it\/wp-content\/uploads\/2024\/05\/369-vfn-2-BRACCIALE-BRICIOLE-BIMBO-ORO-ROSA-E-PAVE-LE-BEBE-LBB327-2.jpg","width":800,"height":600},{"@type":"BreadcrumbList","@id":"https:\/\/juniorb.it\/en\/prodotto\/bracciale-briciole-bimbo-oro-rosa-e-pave-le-bebe-lbb327\/#breadcrumb","itemListElement":[{"@type":"ListItem","position":1,"name":"Home","item":"https:\/\/juniorb.it\/en\/"},{"@type":"ListItem","position":2,"name":"Shop","item":"https:\/\/juniorb.it\/negozio\/"},{"@type":"ListItem","position":3,"name":"MALE CRUMB BRACELET ROSE GOLD AND PAV\u00c9 LE BEBE&#8217; LBB327"}]},{"@type":"WebSite","@id":"https:\/\/juniorb.it\/en\/#website","url":"https:\/\/juniorb.it\/en\/","name":"Juniorb","description":"","publisher":{"@id":"https:\/\/juniorb.it\/en\/#organization"},"potentialAction":[{"@type":"SearchAction","target":{"@type":"EntryPoint","urlTemplate":"https:\/\/juniorb.it\/en\/?s={search_term_string}"},"query-input":{"@type":"PropertyValueSpecification","valueRequired":true,"valueName":"search_term_string"}}],"inLanguage":"en-US"},{"@type":"Organization","@id":"https:\/\/juniorb.it\/en\/#organization","name":"Juniorb","url":"https:\/\/juniorb.it\/en\/","logo":{"@type":"ImageObject","inLanguage":"en-US","@id":"https:\/\/juniorb.it\/en\/#\/schema\/logo\/image\/","url":"https:\/\/juniorb.it\/wp-content\/uploads\/2025\/02\/footer-logo.png","contentUrl":"https:\/\/juniorb.it\/wp-content\/uploads\/2025\/02\/footer-logo.png","width":160,"height":136,"caption":"Juniorb"},"image":{"@id":"https:\/\/juniorb.it\/en\/#\/schema\/logo\/image\/"},"sameAs":["https:\/\/www.facebook.com\/JuniorBItalia","https:\/\/www.instagram.com\/juniorb_it\/"]}]}},"_links":{"self":[{"href":"https:\/\/juniorb.it\/en\/wp-json\/wp\/v2\/product\/256627","targetHints":{"allow":["GET"]}}],"collection":[{"href":"https:\/\/juniorb.it\/en\/wp-json\/wp\/v2\/product"}],"about":[{"href":"https:\/\/juniorb.it\/en\/wp-json\/wp\/v2\/types\/product"}],"replies":[{"embeddable":true,"href":"https:\/\/juniorb.it\/en\/wp-json\/wp\/v2\/comments?post=256627"}],"wp:featuredmedia":[{"embeddable":true,"href":"https:\/\/juniorb.it\/en\/wp-json\/wp\/v2\/media\/256626"}],"wp:attachment":[{"href":"https:\/\/juniorb.it\/en\/wp-json\/wp\/v2\/media?parent=256627"}],"wp:term":[{"taxonomy":"product_brand","embeddable":true,"href":"https:\/\/juniorb.it\/en\/wp-json\/wp\/v2\/product_brand?post=256627"},{"taxonomy":"product_cat","embeddable":true,"href":"https:\/\/juniorb.it\/en\/wp-json\/wp\/v2\/product_cat?post=256627"},{"taxonomy":"product_tag","embeddable":true,"href":"https:\/\/juniorb.it\/en\/wp-json\/wp\/v2\/product_tag?post=256627"},{"taxonomy":"giftcard-category","embeddable":true,"href":"https:\/\/juniorb.it\/en\/wp-json\/wp\/v2\/giftcard-category?post=256627"}],"curies":[{"name":"wp","href":"https:\/\/api.w.org\/{rel}","templated":true}]}}