{"id":258964,"date":"2025-05-03T12:27:02","date_gmt":"2025-05-03T10:27:02","guid":{"rendered":"https:\/\/juniorb.it\/prodotto\/mono-hoop-piercing-oro-rosa-luxury-piercing-maman-et-sophie-orpcr\/"},"modified":"2025-10-09T15:40:50","modified_gmt":"2025-10-09T13:40:50","slug":"mono-hoop-piercing-oro-rosa-luxury-piercing-maman-et-sophie-orpcr","status":"publish","type":"product","link":"https:\/\/juniorb.it\/en\/prodotto\/mono-hoop-piercing-oro-rosa-luxury-piercing-maman-et-sophie-orpcr\/","title":{"rendered":"SINGLE ROSE GOLD HOOP PIERCING LUXURY PIERCING MAMAN ET SOPHIE ORPCR"},"content":{"rendered":"<p>Item number: ORPCR.<br \/>\nCollection: Luxury Piercing.<br \/>\nMaterial: 18 kt rose gold.<br \/>\nSize:\u00a0ORPCR001\u00a0\u00d8 5.75 mm &#8211;\u00a0ORPCR002 \u00d8 6.5 mm &#8211; ORPCR003 \u00d8 8 mm &#8211; ORPCR004 \u00d8 9.5 mm &#8211; ORPCR005 \u00d8 11 mm &#8211; ORPCR006 \u00d8 12.5 mm &#8211; ORPCR007 \u00d8 14 mm &#8211; ORPCR08 \u00d8 16 mm. (inner diameter).<\/p>\n<p>\u00a0The piercing can be worn as Daith, Helix, Front Helix, Lower Helix, Tragus, Lobo.<br \/>\nThe hoop base can be combined with the charms of the luxury piercing collection.<\/p>\n","protected":false},"excerpt":{"rendered":"<p>Hoop piercing from Luxury Piercing\u00ae Collection by Maman et Sophie.<br \/>\nThe peculiarity of the hoop is the slightly &#8220;pear&#8221; shape, thinner on the hole part and thicker on the joint.<br \/>\nThis allows a easier insertion and a stronger resistance of the piercing.<br \/>\nThe most important characteristic of the Luxury Piercing is the sound of the &#8220;click&#8221; of the latch.<br \/>\nSimple and intuitive.<br \/>\nThe piercing can be inserted with just one hand.<\/p>\n","protected":false},"featured_media":258934,"comment_status":"open","ping_status":"closed","template":"","meta":{"_acf_changed":false},"product_brand":[49525],"product_cat":[7730],"product_tag":[37575,49491],"giftcard-category":[],"class_list":{"0":"post-258964","1":"product","2":"type-product","3":"status-publish","4":"has-post-thumbnail","6":"product_brand-maman-et-sophie-en","7":"product_cat-orecchini-a-cerchio-en","8":"product_tag-piercing-en-3","9":"product_tag-maman-et-sophie-en-617","10":"pa_brand-maman-et-sophie-en","12":"first","13":"instock","14":"taxable","15":"shipping-taxable","16":"purchasable","17":"product-type-variable","18":"add-to-wishlist-after_add_to_cart","20":"catalog-layout-default","21":"columns-xs-2"},"acf":[],"yoast_head":"<!-- This site is optimized with the Yoast SEO plugin v25.4 - https:\/\/yoast.com\/wordpress\/plugins\/seo\/ -->\n<title>SINGLE ROSE GOLD HOOP PIERCING LUXURY PIERCING MAMAN ET SOPHIE ORPCR - Juniorb<\/title>\n<meta name=\"robots\" content=\"index, follow, max-snippet:-1, max-image-preview:large, max-video-preview:-1\" \/>\n<link rel=\"canonical\" href=\"https:\/\/juniorb.it\/en\/prodotto\/mono-hoop-piercing-oro-rosa-luxury-piercing-maman-et-sophie-orpcr\/\" \/>\n<meta property=\"og:locale\" content=\"en_US\" \/>\n<meta property=\"og:type\" content=\"article\" \/>\n<meta property=\"og:title\" content=\"SINGLE ROSE GOLD HOOP PIERCING LUXURY PIERCING MAMAN ET SOPHIE ORPCR - Juniorb\" \/>\n<meta property=\"og:description\" content=\"Hoop piercing from Luxury Piercing\u00ae Collection by Maman et Sophie. The peculiarity of the hoop is the slightly &quot;pear&quot; shape, thinner on the hole part and thicker on the joint. This allows a easier insertion and a stronger resistance of the piercing. The most important characteristic of the Luxury Piercing is the sound of the &quot;click&quot; of the latch. Simple and intuitive. The piercing can be inserted with just one hand.\" \/>\n<meta property=\"og:url\" content=\"https:\/\/juniorb.it\/en\/prodotto\/mono-hoop-piercing-oro-rosa-luxury-piercing-maman-et-sophie-orpcr\/\" \/>\n<meta property=\"og:site_name\" content=\"Juniorb\" \/>\n<meta property=\"article:publisher\" content=\"https:\/\/www.facebook.com\/JuniorBItalia\" \/>\n<meta property=\"article:modified_time\" content=\"2025-10-09T13:40:50+00:00\" \/>\n<meta property=\"og:image\" content=\"https:\/\/juniorb.it\/wp-content\/uploads\/2025\/05\/747-k22-1-PIERCING-ORO-ROSA-MAMAN-ET-SOPHIE-ORPRC007-1.jpg\" \/>\n\t<meta property=\"og:image:width\" content=\"800\" \/>\n\t<meta property=\"og:image:height\" content=\"600\" \/>\n\t<meta property=\"og:image:type\" content=\"image\/jpeg\" \/>\n<meta name=\"twitter:card\" content=\"summary_large_image\" \/>\n<script type=\"application\/ld+json\" class=\"yoast-schema-graph\">{\"@context\":\"https:\/\/schema.org\",\"@graph\":[{\"@type\":\"WebPage\",\"@id\":\"https:\/\/juniorb.it\/en\/prodotto\/mono-hoop-piercing-oro-rosa-luxury-piercing-maman-et-sophie-orpcr\/\",\"url\":\"https:\/\/juniorb.it\/en\/prodotto\/mono-hoop-piercing-oro-rosa-luxury-piercing-maman-et-sophie-orpcr\/\",\"name\":\"SINGLE ROSE GOLD HOOP PIERCING LUXURY PIERCING MAMAN ET SOPHIE ORPCR - Juniorb\",\"isPartOf\":{\"@id\":\"https:\/\/juniorb.it\/en\/#website\"},\"primaryImageOfPage\":{\"@id\":\"https:\/\/juniorb.it\/en\/prodotto\/mono-hoop-piercing-oro-rosa-luxury-piercing-maman-et-sophie-orpcr\/#primaryimage\"},\"image\":{\"@id\":\"https:\/\/juniorb.it\/en\/prodotto\/mono-hoop-piercing-oro-rosa-luxury-piercing-maman-et-sophie-orpcr\/#primaryimage\"},\"thumbnailUrl\":\"https:\/\/juniorb.it\/wp-content\/uploads\/2025\/05\/747-k22-1-PIERCING-ORO-ROSA-MAMAN-ET-SOPHIE-ORPRC007-1.jpg\",\"datePublished\":\"2025-05-03T10:27:02+00:00\",\"dateModified\":\"2025-10-09T13:40:50+00:00\",\"breadcrumb\":{\"@id\":\"https:\/\/juniorb.it\/en\/prodotto\/mono-hoop-piercing-oro-rosa-luxury-piercing-maman-et-sophie-orpcr\/#breadcrumb\"},\"inLanguage\":\"en-US\",\"potentialAction\":[{\"@type\":\"ReadAction\",\"target\":[\"https:\/\/juniorb.it\/en\/prodotto\/mono-hoop-piercing-oro-rosa-luxury-piercing-maman-et-sophie-orpcr\/\"]}]},{\"@type\":\"ImageObject\",\"inLanguage\":\"en-US\",\"@id\":\"https:\/\/juniorb.it\/en\/prodotto\/mono-hoop-piercing-oro-rosa-luxury-piercing-maman-et-sophie-orpcr\/#primaryimage\",\"url\":\"https:\/\/juniorb.it\/wp-content\/uploads\/2025\/05\/747-k22-1-PIERCING-ORO-ROSA-MAMAN-ET-SOPHIE-ORPRC007-1.jpg\",\"contentUrl\":\"https:\/\/juniorb.it\/wp-content\/uploads\/2025\/05\/747-k22-1-PIERCING-ORO-ROSA-MAMAN-ET-SOPHIE-ORPRC007-1.jpg\",\"width\":800,\"height\":600},{\"@type\":\"BreadcrumbList\",\"@id\":\"https:\/\/juniorb.it\/en\/prodotto\/mono-hoop-piercing-oro-rosa-luxury-piercing-maman-et-sophie-orpcr\/#breadcrumb\",\"itemListElement\":[{\"@type\":\"ListItem\",\"position\":1,\"name\":\"Home\",\"item\":\"https:\/\/juniorb.it\/en\/\"},{\"@type\":\"ListItem\",\"position\":2,\"name\":\"Shop\",\"item\":\"https:\/\/juniorb.it\/negozio\/\"},{\"@type\":\"ListItem\",\"position\":3,\"name\":\"SINGLE ROSE GOLD HOOP PIERCING LUXURY PIERCING MAMAN ET SOPHIE ORPCR\"}]},{\"@type\":\"WebSite\",\"@id\":\"https:\/\/juniorb.it\/en\/#website\",\"url\":\"https:\/\/juniorb.it\/en\/\",\"name\":\"Juniorb\",\"description\":\"\",\"publisher\":{\"@id\":\"https:\/\/juniorb.it\/en\/#organization\"},\"potentialAction\":[{\"@type\":\"SearchAction\",\"target\":{\"@type\":\"EntryPoint\",\"urlTemplate\":\"https:\/\/juniorb.it\/en\/?s={search_term_string}\"},\"query-input\":{\"@type\":\"PropertyValueSpecification\",\"valueRequired\":true,\"valueName\":\"search_term_string\"}}],\"inLanguage\":\"en-US\"},{\"@type\":\"Organization\",\"@id\":\"https:\/\/juniorb.it\/en\/#organization\",\"name\":\"Juniorb\",\"url\":\"https:\/\/juniorb.it\/en\/\",\"logo\":{\"@type\":\"ImageObject\",\"inLanguage\":\"en-US\",\"@id\":\"https:\/\/juniorb.it\/en\/#\/schema\/logo\/image\/\",\"url\":\"https:\/\/juniorb.it\/wp-content\/uploads\/2025\/02\/footer-logo.png\",\"contentUrl\":\"https:\/\/juniorb.it\/wp-content\/uploads\/2025\/02\/footer-logo.png\",\"width\":160,\"height\":136,\"caption\":\"Juniorb\"},\"image\":{\"@id\":\"https:\/\/juniorb.it\/en\/#\/schema\/logo\/image\/\"},\"sameAs\":[\"https:\/\/www.facebook.com\/JuniorBItalia\",\"https:\/\/www.instagram.com\/juniorb_it\/\"]}]}<\/script>\n<!-- \/ Yoast SEO plugin. -->","yoast_head_json":{"title":"SINGLE ROSE GOLD HOOP PIERCING LUXURY PIERCING MAMAN ET SOPHIE ORPCR - Juniorb","robots":{"index":"index","follow":"follow","max-snippet":"max-snippet:-1","max-image-preview":"max-image-preview:large","max-video-preview":"max-video-preview:-1"},"canonical":"https:\/\/juniorb.it\/en\/prodotto\/mono-hoop-piercing-oro-rosa-luxury-piercing-maman-et-sophie-orpcr\/","og_locale":"en_US","og_type":"article","og_title":"SINGLE ROSE GOLD HOOP PIERCING LUXURY PIERCING MAMAN ET SOPHIE ORPCR - Juniorb","og_description":"Hoop piercing from Luxury Piercing\u00ae Collection by Maman et Sophie. The peculiarity of the hoop is the slightly \"pear\" shape, thinner on the hole part and thicker on the joint. This allows a easier insertion and a stronger resistance of the piercing. The most important characteristic of the Luxury Piercing is the sound of the \"click\" of the latch. Simple and intuitive. The piercing can be inserted with just one hand.","og_url":"https:\/\/juniorb.it\/en\/prodotto\/mono-hoop-piercing-oro-rosa-luxury-piercing-maman-et-sophie-orpcr\/","og_site_name":"Juniorb","article_publisher":"https:\/\/www.facebook.com\/JuniorBItalia","article_modified_time":"2025-10-09T13:40:50+00:00","og_image":[{"width":800,"height":600,"url":"https:\/\/juniorb.it\/wp-content\/uploads\/2025\/05\/747-k22-1-PIERCING-ORO-ROSA-MAMAN-ET-SOPHIE-ORPRC007-1.jpg","type":"image\/jpeg"}],"twitter_card":"summary_large_image","schema":{"@context":"https:\/\/schema.org","@graph":[{"@type":"WebPage","@id":"https:\/\/juniorb.it\/en\/prodotto\/mono-hoop-piercing-oro-rosa-luxury-piercing-maman-et-sophie-orpcr\/","url":"https:\/\/juniorb.it\/en\/prodotto\/mono-hoop-piercing-oro-rosa-luxury-piercing-maman-et-sophie-orpcr\/","name":"SINGLE ROSE GOLD HOOP PIERCING LUXURY PIERCING MAMAN ET SOPHIE ORPCR - Juniorb","isPartOf":{"@id":"https:\/\/juniorb.it\/en\/#website"},"primaryImageOfPage":{"@id":"https:\/\/juniorb.it\/en\/prodotto\/mono-hoop-piercing-oro-rosa-luxury-piercing-maman-et-sophie-orpcr\/#primaryimage"},"image":{"@id":"https:\/\/juniorb.it\/en\/prodotto\/mono-hoop-piercing-oro-rosa-luxury-piercing-maman-et-sophie-orpcr\/#primaryimage"},"thumbnailUrl":"https:\/\/juniorb.it\/wp-content\/uploads\/2025\/05\/747-k22-1-PIERCING-ORO-ROSA-MAMAN-ET-SOPHIE-ORPRC007-1.jpg","datePublished":"2025-05-03T10:27:02+00:00","dateModified":"2025-10-09T13:40:50+00:00","breadcrumb":{"@id":"https:\/\/juniorb.it\/en\/prodotto\/mono-hoop-piercing-oro-rosa-luxury-piercing-maman-et-sophie-orpcr\/#breadcrumb"},"inLanguage":"en-US","potentialAction":[{"@type":"ReadAction","target":["https:\/\/juniorb.it\/en\/prodotto\/mono-hoop-piercing-oro-rosa-luxury-piercing-maman-et-sophie-orpcr\/"]}]},{"@type":"ImageObject","inLanguage":"en-US","@id":"https:\/\/juniorb.it\/en\/prodotto\/mono-hoop-piercing-oro-rosa-luxury-piercing-maman-et-sophie-orpcr\/#primaryimage","url":"https:\/\/juniorb.it\/wp-content\/uploads\/2025\/05\/747-k22-1-PIERCING-ORO-ROSA-MAMAN-ET-SOPHIE-ORPRC007-1.jpg","contentUrl":"https:\/\/juniorb.it\/wp-content\/uploads\/2025\/05\/747-k22-1-PIERCING-ORO-ROSA-MAMAN-ET-SOPHIE-ORPRC007-1.jpg","width":800,"height":600},{"@type":"BreadcrumbList","@id":"https:\/\/juniorb.it\/en\/prodotto\/mono-hoop-piercing-oro-rosa-luxury-piercing-maman-et-sophie-orpcr\/#breadcrumb","itemListElement":[{"@type":"ListItem","position":1,"name":"Home","item":"https:\/\/juniorb.it\/en\/"},{"@type":"ListItem","position":2,"name":"Shop","item":"https:\/\/juniorb.it\/negozio\/"},{"@type":"ListItem","position":3,"name":"SINGLE ROSE GOLD HOOP PIERCING LUXURY PIERCING MAMAN ET SOPHIE ORPCR"}]},{"@type":"WebSite","@id":"https:\/\/juniorb.it\/en\/#website","url":"https:\/\/juniorb.it\/en\/","name":"Juniorb","description":"","publisher":{"@id":"https:\/\/juniorb.it\/en\/#organization"},"potentialAction":[{"@type":"SearchAction","target":{"@type":"EntryPoint","urlTemplate":"https:\/\/juniorb.it\/en\/?s={search_term_string}"},"query-input":{"@type":"PropertyValueSpecification","valueRequired":true,"valueName":"search_term_string"}}],"inLanguage":"en-US"},{"@type":"Organization","@id":"https:\/\/juniorb.it\/en\/#organization","name":"Juniorb","url":"https:\/\/juniorb.it\/en\/","logo":{"@type":"ImageObject","inLanguage":"en-US","@id":"https:\/\/juniorb.it\/en\/#\/schema\/logo\/image\/","url":"https:\/\/juniorb.it\/wp-content\/uploads\/2025\/02\/footer-logo.png","contentUrl":"https:\/\/juniorb.it\/wp-content\/uploads\/2025\/02\/footer-logo.png","width":160,"height":136,"caption":"Juniorb"},"image":{"@id":"https:\/\/juniorb.it\/en\/#\/schema\/logo\/image\/"},"sameAs":["https:\/\/www.facebook.com\/JuniorBItalia","https:\/\/www.instagram.com\/juniorb_it\/"]}]}},"_links":{"self":[{"href":"https:\/\/juniorb.it\/en\/wp-json\/wp\/v2\/product\/258964","targetHints":{"allow":["GET"]}}],"collection":[{"href":"https:\/\/juniorb.it\/en\/wp-json\/wp\/v2\/product"}],"about":[{"href":"https:\/\/juniorb.it\/en\/wp-json\/wp\/v2\/types\/product"}],"replies":[{"embeddable":true,"href":"https:\/\/juniorb.it\/en\/wp-json\/wp\/v2\/comments?post=258964"}],"wp:featuredmedia":[{"embeddable":true,"href":"https:\/\/juniorb.it\/en\/wp-json\/wp\/v2\/media\/258934"}],"wp:attachment":[{"href":"https:\/\/juniorb.it\/en\/wp-json\/wp\/v2\/media?parent=258964"}],"wp:term":[{"taxonomy":"product_brand","embeddable":true,"href":"https:\/\/juniorb.it\/en\/wp-json\/wp\/v2\/product_brand?post=258964"},{"taxonomy":"product_cat","embeddable":true,"href":"https:\/\/juniorb.it\/en\/wp-json\/wp\/v2\/product_cat?post=258964"},{"taxonomy":"product_tag","embeddable":true,"href":"https:\/\/juniorb.it\/en\/wp-json\/wp\/v2\/product_tag?post=258964"},{"taxonomy":"giftcard-category","embeddable":true,"href":"https:\/\/juniorb.it\/en\/wp-json\/wp\/v2\/giftcard-category?post=258964"}],"curies":[{"name":"wp","href":"https:\/\/api.w.org\/{rel}","templated":true}]}}