{"id":263699,"date":"2023-02-28T10:12:17","date_gmt":"2023-02-28T09:12:17","guid":{"rendered":"https:\/\/juniorb.it\/prodotto\/orologio-uomo-automatico-cronografo-acciaio-pelle-lunetta-in-ceramica-timewalker-montblanc-116100\/"},"modified":"2025-10-09T16:41:08","modified_gmt":"2025-10-09T14:41:08","slug":"orologio-uomo-automatico-cronografo-acciaio-pelle-lunetta-in-ceramica-timewalker-montblanc-116100","status":"publish","type":"product","link":"https:\/\/juniorb.it\/en\/prodotto\/orologio-uomo-automatico-cronografo-acciaio-pelle-lunetta-in-ceramica-timewalker-montblanc-116100\/","title":{"rendered":"CHRONOGRAPH AUTOMATIC MEN&#8217;S WATCH STAINLESS STEEL\/LEATHER WITH CERAMIC BEZEL TIMEWALKER MONTBLANC 116100"},"content":{"rendered":"<p>PRODUCT DESCRIPTION:<br \/>Reference:\u00a0<\/p>\n","protected":false},"excerpt":{"rendered":"<p>Il fascino tipicamente maschile e performante della TimeWalker Collection si intona perfettamente al mondo competitivo delle corse automobilistiche, dove l\u2019innovazione, la determinazione e il coraggio aprono la strada al successo.\u00a0Il suo calibro MB25.07 include una complicazione cronografica e un contatore dei piccoli secondi a ore 9.<br \/>\nDai secondi cronografici in posizione centrale ai contatori 30 minuti e 12 ore allineati verticalmente a ore 12 e a ore 6, le scale bianco argent\u00e9 sono esaltate da una minuteria precisa, dal rivestimento in Super-LumiNova\u00ae e dalle tacche rosse a intervalli di 15 minuti, per assicurare una perfetta leggibilit\u00e0, sia di giorno che di notte. L&#8217;iconica lancetta rossa dei secondi, con punta a forma di freccia Minerva, risalta nettamente rispetto alle lancette dauphine finitura rodio delle ore e dei minuti. Ruotando la lunetta in ceramica nera con finitura laterale zigrinata \u00e8 possibile impostare un secondo orario. Anche la cassa da 43 mm in acciaio pregiato con finitura satinata, impermeabile fino a 100 metri, evoca lo spirito delle gare automobilistiche con le sue anse semi-scheletrate ispirate alle linee aerodinamiche delle auto d\u2019epoca. In aggiunta a quelli in pelle e in acciaio pregiato, il cinturino in caucci\u00f9 presenta fori asimmetrici simili a quelli dei classici guanti da automobilista e una struttura interna rilevata che migliora l\u2019aderenza al polso e la traspirabilit\u00e0. La nuova fibbia d\u00e9ployante tripla, specificamente progettata, garantisce flessibilit\u00e0 e massimo comfort<\/p>\n","protected":false},"featured_media":263696,"comment_status":"open","ping_status":"closed","template":"","meta":{"_acf_changed":false},"product_brand":[49530],"product_cat":[7768,7764],"product_tag":[38157,38159,44062,44188,49450,49626],"giftcard-category":[],"class_list":{"0":"post-263699","1":"product","2":"type-product","3":"status-publish","4":"has-post-thumbnail","6":"product_brand-montblanc-en","7":"product_cat-orologi-automatici-en","8":"product_cat-cronografi-en","9":"product_tag-orologio-en-3","10":"product_tag-automatico-en-3","11":"product_tag-timewalker-en-12","12":"product_tag-uomo-en-3","13":"product_tag-montblanc-en-1350","14":"product_tag-chronograph-en","15":"pa_brand-montblanc-en","17":"first","18":"instock","19":"taxable","20":"shipping-taxable","21":"purchasable","22":"product-type-simple","23":"add-to-wishlist-after_add_to_cart","25":"catalog-layout-default","26":"columns-xs-2"},"acf":[],"yoast_head":"<!-- This site is optimized with the Yoast SEO plugin v25.4 - https:\/\/yoast.com\/wordpress\/plugins\/seo\/ -->\n<title>CHRONOGRAPH AUTOMATIC MEN&#039;S WATCH STAINLESS STEEL\/LEATHER WITH CERAMIC BEZEL TIMEWALKER MONTBLANC 116100 - Juniorb<\/title>\n<meta name=\"robots\" content=\"index, follow, max-snippet:-1, max-image-preview:large, max-video-preview:-1\" \/>\n<link rel=\"canonical\" href=\"https:\/\/juniorb.it\/en\/prodotto\/orologio-uomo-automatico-cronografo-acciaio-pelle-lunetta-in-ceramica-timewalker-montblanc-116100\/\" \/>\n<meta property=\"og:locale\" content=\"en_US\" \/>\n<meta property=\"og:type\" content=\"article\" \/>\n<meta property=\"og:title\" content=\"CHRONOGRAPH AUTOMATIC MEN&#039;S WATCH STAINLESS STEEL\/LEATHER WITH CERAMIC BEZEL TIMEWALKER MONTBLANC 116100 - Juniorb\" \/>\n<meta property=\"og:description\" content=\"Il fascino tipicamente maschile e performante della TimeWalker Collection si intona perfettamente al mondo competitivo delle corse automobilistiche, dove l\u2019innovazione, la determinazione e il coraggio aprono la strada al successo.\u00a0Il suo calibro MB25.07 include una complicazione cronografica e un contatore dei piccoli secondi a ore 9. Dai secondi cronografici in posizione centrale ai contatori 30 minuti e 12 ore allineati verticalmente a ore 12 e a ore 6, le scale bianco argent\u00e9 sono esaltate da una minuteria precisa, dal rivestimento in Super-LumiNova\u00ae e dalle tacche rosse a intervalli di 15 minuti, per assicurare una perfetta leggibilit\u00e0, sia di giorno che di notte. L&#039;iconica lancetta rossa dei secondi, con punta a forma di freccia Minerva, risalta nettamente rispetto alle lancette dauphine finitura rodio delle ore e dei minuti. Ruotando la lunetta in ceramica nera con finitura laterale zigrinata \u00e8 possibile impostare un secondo orario. Anche la cassa da 43 mm in acciaio pregiato con finitura satinata, impermeabile fino a 100 metri, evoca lo spirito delle gare automobilistiche con le sue anse semi-scheletrate ispirate alle linee aerodinamiche delle auto d\u2019epoca. In aggiunta a quelli in pelle e in acciaio pregiato, il cinturino in caucci\u00f9 presenta fori asimmetrici simili a quelli dei classici guanti da automobilista e una struttura interna rilevata che migliora l\u2019aderenza al polso e la traspirabilit\u00e0. La nuova fibbia d\u00e9ployante tripla, specificamente progettata, garantisce flessibilit\u00e0 e massimo comfort\" \/>\n<meta property=\"og:url\" content=\"https:\/\/juniorb.it\/en\/prodotto\/orologio-uomo-automatico-cronografo-acciaio-pelle-lunetta-in-ceramica-timewalker-montblanc-116100\/\" \/>\n<meta property=\"og:site_name\" content=\"Juniorb\" \/>\n<meta property=\"article:publisher\" content=\"https:\/\/www.facebook.com\/JuniorBItalia\" \/>\n<meta property=\"article:modified_time\" content=\"2025-10-09T14:41:08+00:00\" \/>\n<meta property=\"og:image\" content=\"https:\/\/juniorb.it\/wp-content\/uploads\/2023\/02\/1382-7rd-1-OROLOGIO-UOMO-AUTOMATICO-CRONOGRAFO-ACCIAIO-PELLE-TIMEWALKER-MONTBLANC-116100-2.jpg\" \/>\n\t<meta property=\"og:image:width\" content=\"800\" \/>\n\t<meta property=\"og:image:height\" content=\"600\" \/>\n\t<meta property=\"og:image:type\" content=\"image\/jpeg\" \/>\n<meta name=\"twitter:card\" content=\"summary_large_image\" \/>\n<script type=\"application\/ld+json\" class=\"yoast-schema-graph\">{\"@context\":\"https:\/\/schema.org\",\"@graph\":[{\"@type\":\"WebPage\",\"@id\":\"https:\/\/juniorb.it\/en\/prodotto\/orologio-uomo-automatico-cronografo-acciaio-pelle-lunetta-in-ceramica-timewalker-montblanc-116100\/\",\"url\":\"https:\/\/juniorb.it\/en\/prodotto\/orologio-uomo-automatico-cronografo-acciaio-pelle-lunetta-in-ceramica-timewalker-montblanc-116100\/\",\"name\":\"CHRONOGRAPH AUTOMATIC MEN'S WATCH STAINLESS STEEL\/LEATHER WITH CERAMIC BEZEL TIMEWALKER MONTBLANC 116100 - Juniorb\",\"isPartOf\":{\"@id\":\"https:\/\/juniorb.it\/en\/#website\"},\"primaryImageOfPage\":{\"@id\":\"https:\/\/juniorb.it\/en\/prodotto\/orologio-uomo-automatico-cronografo-acciaio-pelle-lunetta-in-ceramica-timewalker-montblanc-116100\/#primaryimage\"},\"image\":{\"@id\":\"https:\/\/juniorb.it\/en\/prodotto\/orologio-uomo-automatico-cronografo-acciaio-pelle-lunetta-in-ceramica-timewalker-montblanc-116100\/#primaryimage\"},\"thumbnailUrl\":\"https:\/\/juniorb.it\/wp-content\/uploads\/2023\/02\/1382-7rd-1-OROLOGIO-UOMO-AUTOMATICO-CRONOGRAFO-ACCIAIO-PELLE-TIMEWALKER-MONTBLANC-116100-2.jpg\",\"datePublished\":\"2023-02-28T09:12:17+00:00\",\"dateModified\":\"2025-10-09T14:41:08+00:00\",\"breadcrumb\":{\"@id\":\"https:\/\/juniorb.it\/en\/prodotto\/orologio-uomo-automatico-cronografo-acciaio-pelle-lunetta-in-ceramica-timewalker-montblanc-116100\/#breadcrumb\"},\"inLanguage\":\"en-US\",\"potentialAction\":[{\"@type\":\"ReadAction\",\"target\":[\"https:\/\/juniorb.it\/en\/prodotto\/orologio-uomo-automatico-cronografo-acciaio-pelle-lunetta-in-ceramica-timewalker-montblanc-116100\/\"]}]},{\"@type\":\"ImageObject\",\"inLanguage\":\"en-US\",\"@id\":\"https:\/\/juniorb.it\/en\/prodotto\/orologio-uomo-automatico-cronografo-acciaio-pelle-lunetta-in-ceramica-timewalker-montblanc-116100\/#primaryimage\",\"url\":\"https:\/\/juniorb.it\/wp-content\/uploads\/2023\/02\/1382-7rd-1-OROLOGIO-UOMO-AUTOMATICO-CRONOGRAFO-ACCIAIO-PELLE-TIMEWALKER-MONTBLANC-116100-2.jpg\",\"contentUrl\":\"https:\/\/juniorb.it\/wp-content\/uploads\/2023\/02\/1382-7rd-1-OROLOGIO-UOMO-AUTOMATICO-CRONOGRAFO-ACCIAIO-PELLE-TIMEWALKER-MONTBLANC-116100-2.jpg\",\"width\":800,\"height\":600},{\"@type\":\"BreadcrumbList\",\"@id\":\"https:\/\/juniorb.it\/en\/prodotto\/orologio-uomo-automatico-cronografo-acciaio-pelle-lunetta-in-ceramica-timewalker-montblanc-116100\/#breadcrumb\",\"itemListElement\":[{\"@type\":\"ListItem\",\"position\":1,\"name\":\"Home\",\"item\":\"https:\/\/juniorb.it\/en\/\"},{\"@type\":\"ListItem\",\"position\":2,\"name\":\"Shop\",\"item\":\"https:\/\/juniorb.it\/en\/shop\/\"},{\"@type\":\"ListItem\",\"position\":3,\"name\":\"CHRONOGRAPH AUTOMATIC MEN&#8217;S WATCH STAINLESS STEEL\/LEATHER WITH CERAMIC BEZEL TIMEWALKER MONTBLANC 116100\"}]},{\"@type\":\"WebSite\",\"@id\":\"https:\/\/juniorb.it\/en\/#website\",\"url\":\"https:\/\/juniorb.it\/en\/\",\"name\":\"Juniorb\",\"description\":\"\",\"potentialAction\":[{\"@type\":\"SearchAction\",\"target\":{\"@type\":\"EntryPoint\",\"urlTemplate\":\"https:\/\/juniorb.it\/en\/?s={search_term_string}\"},\"query-input\":{\"@type\":\"PropertyValueSpecification\",\"valueRequired\":true,\"valueName\":\"search_term_string\"}}],\"inLanguage\":\"en-US\"}]}<\/script>\n<!-- \/ Yoast SEO plugin. -->","yoast_head_json":{"title":"CHRONOGRAPH AUTOMATIC MEN'S WATCH STAINLESS STEEL\/LEATHER WITH CERAMIC BEZEL TIMEWALKER MONTBLANC 116100 - Juniorb","robots":{"index":"index","follow":"follow","max-snippet":"max-snippet:-1","max-image-preview":"max-image-preview:large","max-video-preview":"max-video-preview:-1"},"canonical":"https:\/\/juniorb.it\/en\/prodotto\/orologio-uomo-automatico-cronografo-acciaio-pelle-lunetta-in-ceramica-timewalker-montblanc-116100\/","og_locale":"en_US","og_type":"article","og_title":"CHRONOGRAPH AUTOMATIC MEN'S WATCH STAINLESS STEEL\/LEATHER WITH CERAMIC BEZEL TIMEWALKER MONTBLANC 116100 - Juniorb","og_description":"Il fascino tipicamente maschile e performante della TimeWalker Collection si intona perfettamente al mondo competitivo delle corse automobilistiche, dove l\u2019innovazione, la determinazione e il coraggio aprono la strada al successo.\u00a0Il suo calibro MB25.07 include una complicazione cronografica e un contatore dei piccoli secondi a ore 9. Dai secondi cronografici in posizione centrale ai contatori 30 minuti e 12 ore allineati verticalmente a ore 12 e a ore 6, le scale bianco argent\u00e9 sono esaltate da una minuteria precisa, dal rivestimento in Super-LumiNova\u00ae e dalle tacche rosse a intervalli di 15 minuti, per assicurare una perfetta leggibilit\u00e0, sia di giorno che di notte. L'iconica lancetta rossa dei secondi, con punta a forma di freccia Minerva, risalta nettamente rispetto alle lancette dauphine finitura rodio delle ore e dei minuti. Ruotando la lunetta in ceramica nera con finitura laterale zigrinata \u00e8 possibile impostare un secondo orario. Anche la cassa da 43 mm in acciaio pregiato con finitura satinata, impermeabile fino a 100 metri, evoca lo spirito delle gare automobilistiche con le sue anse semi-scheletrate ispirate alle linee aerodinamiche delle auto d\u2019epoca. In aggiunta a quelli in pelle e in acciaio pregiato, il cinturino in caucci\u00f9 presenta fori asimmetrici simili a quelli dei classici guanti da automobilista e una struttura interna rilevata che migliora l\u2019aderenza al polso e la traspirabilit\u00e0. La nuova fibbia d\u00e9ployante tripla, specificamente progettata, garantisce flessibilit\u00e0 e massimo comfort","og_url":"https:\/\/juniorb.it\/en\/prodotto\/orologio-uomo-automatico-cronografo-acciaio-pelle-lunetta-in-ceramica-timewalker-montblanc-116100\/","og_site_name":"Juniorb","article_publisher":"https:\/\/www.facebook.com\/JuniorBItalia","article_modified_time":"2025-10-09T14:41:08+00:00","og_image":[{"width":800,"height":600,"url":"https:\/\/juniorb.it\/wp-content\/uploads\/2023\/02\/1382-7rd-1-OROLOGIO-UOMO-AUTOMATICO-CRONOGRAFO-ACCIAIO-PELLE-TIMEWALKER-MONTBLANC-116100-2.jpg","type":"image\/jpeg"}],"twitter_card":"summary_large_image","schema":{"@context":"https:\/\/schema.org","@graph":[{"@type":"WebPage","@id":"https:\/\/juniorb.it\/en\/prodotto\/orologio-uomo-automatico-cronografo-acciaio-pelle-lunetta-in-ceramica-timewalker-montblanc-116100\/","url":"https:\/\/juniorb.it\/en\/prodotto\/orologio-uomo-automatico-cronografo-acciaio-pelle-lunetta-in-ceramica-timewalker-montblanc-116100\/","name":"CHRONOGRAPH AUTOMATIC MEN'S WATCH STAINLESS STEEL\/LEATHER WITH CERAMIC BEZEL TIMEWALKER MONTBLANC 116100 - Juniorb","isPartOf":{"@id":"https:\/\/juniorb.it\/en\/#website"},"primaryImageOfPage":{"@id":"https:\/\/juniorb.it\/en\/prodotto\/orologio-uomo-automatico-cronografo-acciaio-pelle-lunetta-in-ceramica-timewalker-montblanc-116100\/#primaryimage"},"image":{"@id":"https:\/\/juniorb.it\/en\/prodotto\/orologio-uomo-automatico-cronografo-acciaio-pelle-lunetta-in-ceramica-timewalker-montblanc-116100\/#primaryimage"},"thumbnailUrl":"https:\/\/juniorb.it\/wp-content\/uploads\/2023\/02\/1382-7rd-1-OROLOGIO-UOMO-AUTOMATICO-CRONOGRAFO-ACCIAIO-PELLE-TIMEWALKER-MONTBLANC-116100-2.jpg","datePublished":"2023-02-28T09:12:17+00:00","dateModified":"2025-10-09T14:41:08+00:00","breadcrumb":{"@id":"https:\/\/juniorb.it\/en\/prodotto\/orologio-uomo-automatico-cronografo-acciaio-pelle-lunetta-in-ceramica-timewalker-montblanc-116100\/#breadcrumb"},"inLanguage":"en-US","potentialAction":[{"@type":"ReadAction","target":["https:\/\/juniorb.it\/en\/prodotto\/orologio-uomo-automatico-cronografo-acciaio-pelle-lunetta-in-ceramica-timewalker-montblanc-116100\/"]}]},{"@type":"ImageObject","inLanguage":"en-US","@id":"https:\/\/juniorb.it\/en\/prodotto\/orologio-uomo-automatico-cronografo-acciaio-pelle-lunetta-in-ceramica-timewalker-montblanc-116100\/#primaryimage","url":"https:\/\/juniorb.it\/wp-content\/uploads\/2023\/02\/1382-7rd-1-OROLOGIO-UOMO-AUTOMATICO-CRONOGRAFO-ACCIAIO-PELLE-TIMEWALKER-MONTBLANC-116100-2.jpg","contentUrl":"https:\/\/juniorb.it\/wp-content\/uploads\/2023\/02\/1382-7rd-1-OROLOGIO-UOMO-AUTOMATICO-CRONOGRAFO-ACCIAIO-PELLE-TIMEWALKER-MONTBLANC-116100-2.jpg","width":800,"height":600},{"@type":"BreadcrumbList","@id":"https:\/\/juniorb.it\/en\/prodotto\/orologio-uomo-automatico-cronografo-acciaio-pelle-lunetta-in-ceramica-timewalker-montblanc-116100\/#breadcrumb","itemListElement":[{"@type":"ListItem","position":1,"name":"Home","item":"https:\/\/juniorb.it\/en\/"},{"@type":"ListItem","position":2,"name":"Shop","item":"https:\/\/juniorb.it\/en\/shop\/"},{"@type":"ListItem","position":3,"name":"CHRONOGRAPH AUTOMATIC MEN&#8217;S WATCH STAINLESS STEEL\/LEATHER WITH CERAMIC BEZEL TIMEWALKER MONTBLANC 116100"}]},{"@type":"WebSite","@id":"https:\/\/juniorb.it\/en\/#website","url":"https:\/\/juniorb.it\/en\/","name":"Juniorb","description":"","potentialAction":[{"@type":"SearchAction","target":{"@type":"EntryPoint","urlTemplate":"https:\/\/juniorb.it\/en\/?s={search_term_string}"},"query-input":{"@type":"PropertyValueSpecification","valueRequired":true,"valueName":"search_term_string"}}],"inLanguage":"en-US"}]}},"_links":{"self":[{"href":"https:\/\/juniorb.it\/en\/wp-json\/wp\/v2\/product\/263699","targetHints":{"allow":["GET"]}}],"collection":[{"href":"https:\/\/juniorb.it\/en\/wp-json\/wp\/v2\/product"}],"about":[{"href":"https:\/\/juniorb.it\/en\/wp-json\/wp\/v2\/types\/product"}],"replies":[{"embeddable":true,"href":"https:\/\/juniorb.it\/en\/wp-json\/wp\/v2\/comments?post=263699"}],"wp:featuredmedia":[{"embeddable":true,"href":"https:\/\/juniorb.it\/en\/wp-json\/wp\/v2\/media\/263696"}],"wp:attachment":[{"href":"https:\/\/juniorb.it\/en\/wp-json\/wp\/v2\/media?parent=263699"}],"wp:term":[{"taxonomy":"product_brand","embeddable":true,"href":"https:\/\/juniorb.it\/en\/wp-json\/wp\/v2\/product_brand?post=263699"},{"taxonomy":"product_cat","embeddable":true,"href":"https:\/\/juniorb.it\/en\/wp-json\/wp\/v2\/product_cat?post=263699"},{"taxonomy":"product_tag","embeddable":true,"href":"https:\/\/juniorb.it\/en\/wp-json\/wp\/v2\/product_tag?post=263699"},{"taxonomy":"giftcard-category","embeddable":true,"href":"https:\/\/juniorb.it\/en\/wp-json\/wp\/v2\/giftcard-category?post=263699"}],"curies":[{"name":"wp","href":"https:\/\/api.w.org\/{rel}","templated":true}]}}