{"id":267639,"date":"2023-02-28T09:55:38","date_gmt":"2023-02-28T08:55:38","guid":{"rendered":"https:\/\/juniorb.it\/prodotto\/orologio-uomo-automatico-acciaio-pelle-edizione-limitata-time-walker-automatic-date-montblanc-118494\/"},"modified":"2025-10-09T17:35:34","modified_gmt":"2025-10-09T15:35:34","slug":"orologio-uomo-automatico-acciaio-pelle-edizione-limitata-time-walker-automatic-date-montblanc-118494","status":"publish","type":"product","link":"https:\/\/juniorb.it\/en\/prodotto\/orologio-uomo-automatico-acciaio-pelle-edizione-limitata-time-walker-automatic-date-montblanc-118494\/","title":{"rendered":"AUTOMATIC MEN&#8217;S WATCH STEEL \/LEATHER LIMITED EDITION TIME WALKER AUTOMATIC DATE MONTBLANC 118494"},"content":{"rendered":"<p>PRODUCT DESCRIPTION:<br \/>Reference:\u00a0<\/p>\n","protected":false},"excerpt":{"rendered":"<p>Ispirato alla semplicit\u00e0 e alla chiarezza dei tachimetri per auto d&#8217;epoca, il quadrante di questo segnatempo \u00e8 incentrato sull&#8217;indicazione dell&#8217;ora essenziale attraverso il forte contrasto tra il beige &#8216;Cappuccino&#8217; e il marrone, ispirato ai quadranti &#8216;tropicali&#8217; storici degli orologi d&#8217;epoca. I grandi numeri arabi, le lancette rivestite Super-LumiNova\u00ae e il minuterie offrono una perfetta leggibilit\u00e0, con l&#8217;iconica lancetta centrale dei secondi che cattura l&#8217;attenzione con il suo colore rosso e\u00a0la freccia Minerva prominente sulla punta. La scala, che ricorda chiaramente i cronometri Minerva dell&#8217;inizio del XX secolo, va da 05 a 60, a sottolineare la linea di orologi da corsa. L&#8217;indicazione della data si trova vicino al numero dei 15 minuti a ore 3. La lunetta in ceramica nera lucida con numeri e indici delle ore pu\u00f2 essere ruotata in modo unidirezionale per indicare un secondo fuso orario. Per una migliore presa, la lunetta vanta una finitura zigrinata sul lato, ispirata ai tappi del serbatoio della benzina delle auto da corsa d&#8217;epoca. Per la massima affidabilit\u00e0 e prestazioni, la cassa in acciaio inox satinato da 41 mm con anse semischeletrate \u00e8 impermeabile fino a 100 metri ed \u00e8 stata rigorosamente testata dal Montblanc Laboratory Test 500. L&#8217;orologio \u00e8 dotato di un nuovo cinturino in pelle di vitello Sfumato traforato marrone vintage che ricorda i guanti da guida che i piloti indossavano in passato.<\/p>\n","protected":false},"featured_media":267638,"comment_status":"open","ping_status":"closed","template":"","meta":{"_acf_changed":false},"product_brand":[49530],"product_cat":[7768],"product_tag":[38157,38159,40848,44188,49450],"giftcard-category":[],"class_list":{"0":"post-267639","1":"product","2":"type-product","3":"status-publish","4":"has-post-thumbnail","6":"product_brand-montblanc-en","7":"product_cat-orologi-automatici-en","8":"product_tag-orologio-en-3","9":"product_tag-automatico-en-3","10":"product_tag-time-walker-en-3","11":"product_tag-uomo-en-3","12":"product_tag-montblanc-en-1350","13":"pa_brand-montblanc-en","15":"first","16":"instock","17":"taxable","18":"shipping-taxable","19":"purchasable","20":"product-type-simple","21":"add-to-wishlist-after_add_to_cart","23":"catalog-layout-default","24":"columns-xs-2"},"acf":[],"yoast_head":"<!-- This site is optimized with the Yoast SEO plugin v25.4 - https:\/\/yoast.com\/wordpress\/plugins\/seo\/ -->\n<title>AUTOMATIC MEN&#039;S WATCH STEEL \/LEATHER LIMITED EDITION TIME WALKER AUTOMATIC DATE MONTBLANC 118494 - Juniorb<\/title>\n<meta name=\"robots\" content=\"index, follow, max-snippet:-1, max-image-preview:large, max-video-preview:-1\" \/>\n<link rel=\"canonical\" href=\"https:\/\/juniorb.it\/en\/prodotto\/orologio-uomo-automatico-acciaio-pelle-edizione-limitata-time-walker-automatic-date-montblanc-118494\/\" \/>\n<meta property=\"og:locale\" content=\"en_US\" \/>\n<meta property=\"og:type\" content=\"article\" \/>\n<meta property=\"og:title\" content=\"AUTOMATIC MEN&#039;S WATCH STEEL \/LEATHER LIMITED EDITION TIME WALKER AUTOMATIC DATE MONTBLANC 118494 - Juniorb\" \/>\n<meta property=\"og:description\" content=\"Ispirato alla semplicit\u00e0 e alla chiarezza dei tachimetri per auto d&#039;epoca, il quadrante di questo segnatempo \u00e8 incentrato sull&#039;indicazione dell&#039;ora essenziale attraverso il forte contrasto tra il beige &#039;Cappuccino&#039; e il marrone, ispirato ai quadranti &#039;tropicali&#039; storici degli orologi d&#039;epoca. I grandi numeri arabi, le lancette rivestite Super-LumiNova\u00ae e il minuterie offrono una perfetta leggibilit\u00e0, con l&#039;iconica lancetta centrale dei secondi che cattura l&#039;attenzione con il suo colore rosso e\u00a0la freccia Minerva prominente sulla punta. La scala, che ricorda chiaramente i cronometri Minerva dell&#039;inizio del XX secolo, va da 05 a 60, a sottolineare la linea di orologi da corsa. L&#039;indicazione della data si trova vicino al numero dei 15 minuti a ore 3. La lunetta in ceramica nera lucida con numeri e indici delle ore pu\u00f2 essere ruotata in modo unidirezionale per indicare un secondo fuso orario. Per una migliore presa, la lunetta vanta una finitura zigrinata sul lato, ispirata ai tappi del serbatoio della benzina delle auto da corsa d&#039;epoca. Per la massima affidabilit\u00e0 e prestazioni, la cassa in acciaio inox satinato da 41 mm con anse semischeletrate \u00e8 impermeabile fino a 100 metri ed \u00e8 stata rigorosamente testata dal Montblanc Laboratory Test 500. L&#039;orologio \u00e8 dotato di un nuovo cinturino in pelle di vitello Sfumato traforato marrone vintage che ricorda i guanti da guida che i piloti indossavano in passato.\" \/>\n<meta property=\"og:url\" content=\"https:\/\/juniorb.it\/en\/prodotto\/orologio-uomo-automatico-acciaio-pelle-edizione-limitata-time-walker-automatic-date-montblanc-118494\/\" \/>\n<meta property=\"og:site_name\" content=\"Juniorb\" \/>\n<meta property=\"article:publisher\" content=\"https:\/\/www.facebook.com\/JuniorBItalia\" \/>\n<meta property=\"article:modified_time\" content=\"2025-10-09T15:35:34+00:00\" \/>\n<meta property=\"og:image\" content=\"https:\/\/juniorb.it\/wp-content\/uploads\/2023\/02\/1882-jz4-1-OROLOGIO-UOMO-AUTOMATICO-ACCIAIO-PELLE-LIMITED-EDITION-TIME-WALKER-MONTBLANC-118494-2-2.jpg\" \/>\n\t<meta property=\"og:image:width\" content=\"800\" \/>\n\t<meta property=\"og:image:height\" content=\"600\" \/>\n\t<meta property=\"og:image:type\" content=\"image\/jpeg\" \/>\n<meta name=\"twitter:card\" content=\"summary_large_image\" \/>\n<script type=\"application\/ld+json\" class=\"yoast-schema-graph\">{\"@context\":\"https:\/\/schema.org\",\"@graph\":[{\"@type\":\"WebPage\",\"@id\":\"https:\/\/juniorb.it\/en\/prodotto\/orologio-uomo-automatico-acciaio-pelle-edizione-limitata-time-walker-automatic-date-montblanc-118494\/\",\"url\":\"https:\/\/juniorb.it\/en\/prodotto\/orologio-uomo-automatico-acciaio-pelle-edizione-limitata-time-walker-automatic-date-montblanc-118494\/\",\"name\":\"AUTOMATIC MEN'S WATCH STEEL \/LEATHER LIMITED EDITION TIME WALKER AUTOMATIC DATE MONTBLANC 118494 - Juniorb\",\"isPartOf\":{\"@id\":\"https:\/\/juniorb.it\/en\/#website\"},\"primaryImageOfPage\":{\"@id\":\"https:\/\/juniorb.it\/en\/prodotto\/orologio-uomo-automatico-acciaio-pelle-edizione-limitata-time-walker-automatic-date-montblanc-118494\/#primaryimage\"},\"image\":{\"@id\":\"https:\/\/juniorb.it\/en\/prodotto\/orologio-uomo-automatico-acciaio-pelle-edizione-limitata-time-walker-automatic-date-montblanc-118494\/#primaryimage\"},\"thumbnailUrl\":\"https:\/\/juniorb.it\/wp-content\/uploads\/2023\/02\/1882-jz4-1-OROLOGIO-UOMO-AUTOMATICO-ACCIAIO-PELLE-LIMITED-EDITION-TIME-WALKER-MONTBLANC-118494-2-2.jpg\",\"datePublished\":\"2023-02-28T08:55:38+00:00\",\"dateModified\":\"2025-10-09T15:35:34+00:00\",\"breadcrumb\":{\"@id\":\"https:\/\/juniorb.it\/en\/prodotto\/orologio-uomo-automatico-acciaio-pelle-edizione-limitata-time-walker-automatic-date-montblanc-118494\/#breadcrumb\"},\"inLanguage\":\"en-US\",\"potentialAction\":[{\"@type\":\"ReadAction\",\"target\":[\"https:\/\/juniorb.it\/en\/prodotto\/orologio-uomo-automatico-acciaio-pelle-edizione-limitata-time-walker-automatic-date-montblanc-118494\/\"]}]},{\"@type\":\"ImageObject\",\"inLanguage\":\"en-US\",\"@id\":\"https:\/\/juniorb.it\/en\/prodotto\/orologio-uomo-automatico-acciaio-pelle-edizione-limitata-time-walker-automatic-date-montblanc-118494\/#primaryimage\",\"url\":\"https:\/\/juniorb.it\/wp-content\/uploads\/2023\/02\/1882-jz4-1-OROLOGIO-UOMO-AUTOMATICO-ACCIAIO-PELLE-LIMITED-EDITION-TIME-WALKER-MONTBLANC-118494-2-2.jpg\",\"contentUrl\":\"https:\/\/juniorb.it\/wp-content\/uploads\/2023\/02\/1882-jz4-1-OROLOGIO-UOMO-AUTOMATICO-ACCIAIO-PELLE-LIMITED-EDITION-TIME-WALKER-MONTBLANC-118494-2-2.jpg\",\"width\":800,\"height\":600},{\"@type\":\"BreadcrumbList\",\"@id\":\"https:\/\/juniorb.it\/en\/prodotto\/orologio-uomo-automatico-acciaio-pelle-edizione-limitata-time-walker-automatic-date-montblanc-118494\/#breadcrumb\",\"itemListElement\":[{\"@type\":\"ListItem\",\"position\":1,\"name\":\"Home\",\"item\":\"https:\/\/juniorb.it\/en\/\"},{\"@type\":\"ListItem\",\"position\":2,\"name\":\"Shop\",\"item\":\"https:\/\/juniorb.it\/negozio\/\"},{\"@type\":\"ListItem\",\"position\":3,\"name\":\"AUTOMATIC MEN&#8217;S WATCH STEEL \/LEATHER LIMITED EDITION TIME WALKER AUTOMATIC DATE MONTBLANC 118494\"}]},{\"@type\":\"WebSite\",\"@id\":\"https:\/\/juniorb.it\/en\/#website\",\"url\":\"https:\/\/juniorb.it\/en\/\",\"name\":\"Juniorb\",\"description\":\"\",\"publisher\":{\"@id\":\"https:\/\/juniorb.it\/en\/#organization\"},\"potentialAction\":[{\"@type\":\"SearchAction\",\"target\":{\"@type\":\"EntryPoint\",\"urlTemplate\":\"https:\/\/juniorb.it\/en\/?s={search_term_string}\"},\"query-input\":{\"@type\":\"PropertyValueSpecification\",\"valueRequired\":true,\"valueName\":\"search_term_string\"}}],\"inLanguage\":\"en-US\"},{\"@type\":\"Organization\",\"@id\":\"https:\/\/juniorb.it\/en\/#organization\",\"name\":\"Juniorb\",\"url\":\"https:\/\/juniorb.it\/en\/\",\"logo\":{\"@type\":\"ImageObject\",\"inLanguage\":\"en-US\",\"@id\":\"https:\/\/juniorb.it\/en\/#\/schema\/logo\/image\/\",\"url\":\"https:\/\/juniorb.it\/wp-content\/uploads\/2025\/02\/footer-logo.png\",\"contentUrl\":\"https:\/\/juniorb.it\/wp-content\/uploads\/2025\/02\/footer-logo.png\",\"width\":160,\"height\":136,\"caption\":\"Juniorb\"},\"image\":{\"@id\":\"https:\/\/juniorb.it\/en\/#\/schema\/logo\/image\/\"},\"sameAs\":[\"https:\/\/www.facebook.com\/JuniorBItalia\",\"https:\/\/www.instagram.com\/juniorb_it\/\"]}]}<\/script>\n<!-- \/ Yoast SEO plugin. -->","yoast_head_json":{"title":"AUTOMATIC MEN'S WATCH STEEL \/LEATHER LIMITED EDITION TIME WALKER AUTOMATIC DATE MONTBLANC 118494 - Juniorb","robots":{"index":"index","follow":"follow","max-snippet":"max-snippet:-1","max-image-preview":"max-image-preview:large","max-video-preview":"max-video-preview:-1"},"canonical":"https:\/\/juniorb.it\/en\/prodotto\/orologio-uomo-automatico-acciaio-pelle-edizione-limitata-time-walker-automatic-date-montblanc-118494\/","og_locale":"en_US","og_type":"article","og_title":"AUTOMATIC MEN'S WATCH STEEL \/LEATHER LIMITED EDITION TIME WALKER AUTOMATIC DATE MONTBLANC 118494 - Juniorb","og_description":"Ispirato alla semplicit\u00e0 e alla chiarezza dei tachimetri per auto d'epoca, il quadrante di questo segnatempo \u00e8 incentrato sull'indicazione dell'ora essenziale attraverso il forte contrasto tra il beige 'Cappuccino' e il marrone, ispirato ai quadranti 'tropicali' storici degli orologi d'epoca. I grandi numeri arabi, le lancette rivestite Super-LumiNova\u00ae e il minuterie offrono una perfetta leggibilit\u00e0, con l'iconica lancetta centrale dei secondi che cattura l'attenzione con il suo colore rosso e\u00a0la freccia Minerva prominente sulla punta. La scala, che ricorda chiaramente i cronometri Minerva dell'inizio del XX secolo, va da 05 a 60, a sottolineare la linea di orologi da corsa. L'indicazione della data si trova vicino al numero dei 15 minuti a ore 3. La lunetta in ceramica nera lucida con numeri e indici delle ore pu\u00f2 essere ruotata in modo unidirezionale per indicare un secondo fuso orario. Per una migliore presa, la lunetta vanta una finitura zigrinata sul lato, ispirata ai tappi del serbatoio della benzina delle auto da corsa d'epoca. Per la massima affidabilit\u00e0 e prestazioni, la cassa in acciaio inox satinato da 41 mm con anse semischeletrate \u00e8 impermeabile fino a 100 metri ed \u00e8 stata rigorosamente testata dal Montblanc Laboratory Test 500. L'orologio \u00e8 dotato di un nuovo cinturino in pelle di vitello Sfumato traforato marrone vintage che ricorda i guanti da guida che i piloti indossavano in passato.","og_url":"https:\/\/juniorb.it\/en\/prodotto\/orologio-uomo-automatico-acciaio-pelle-edizione-limitata-time-walker-automatic-date-montblanc-118494\/","og_site_name":"Juniorb","article_publisher":"https:\/\/www.facebook.com\/JuniorBItalia","article_modified_time":"2025-10-09T15:35:34+00:00","og_image":[{"width":800,"height":600,"url":"https:\/\/juniorb.it\/wp-content\/uploads\/2023\/02\/1882-jz4-1-OROLOGIO-UOMO-AUTOMATICO-ACCIAIO-PELLE-LIMITED-EDITION-TIME-WALKER-MONTBLANC-118494-2-2.jpg","type":"image\/jpeg"}],"twitter_card":"summary_large_image","schema":{"@context":"https:\/\/schema.org","@graph":[{"@type":"WebPage","@id":"https:\/\/juniorb.it\/en\/prodotto\/orologio-uomo-automatico-acciaio-pelle-edizione-limitata-time-walker-automatic-date-montblanc-118494\/","url":"https:\/\/juniorb.it\/en\/prodotto\/orologio-uomo-automatico-acciaio-pelle-edizione-limitata-time-walker-automatic-date-montblanc-118494\/","name":"AUTOMATIC MEN'S WATCH STEEL \/LEATHER LIMITED EDITION TIME WALKER AUTOMATIC DATE MONTBLANC 118494 - Juniorb","isPartOf":{"@id":"https:\/\/juniorb.it\/en\/#website"},"primaryImageOfPage":{"@id":"https:\/\/juniorb.it\/en\/prodotto\/orologio-uomo-automatico-acciaio-pelle-edizione-limitata-time-walker-automatic-date-montblanc-118494\/#primaryimage"},"image":{"@id":"https:\/\/juniorb.it\/en\/prodotto\/orologio-uomo-automatico-acciaio-pelle-edizione-limitata-time-walker-automatic-date-montblanc-118494\/#primaryimage"},"thumbnailUrl":"https:\/\/juniorb.it\/wp-content\/uploads\/2023\/02\/1882-jz4-1-OROLOGIO-UOMO-AUTOMATICO-ACCIAIO-PELLE-LIMITED-EDITION-TIME-WALKER-MONTBLANC-118494-2-2.jpg","datePublished":"2023-02-28T08:55:38+00:00","dateModified":"2025-10-09T15:35:34+00:00","breadcrumb":{"@id":"https:\/\/juniorb.it\/en\/prodotto\/orologio-uomo-automatico-acciaio-pelle-edizione-limitata-time-walker-automatic-date-montblanc-118494\/#breadcrumb"},"inLanguage":"en-US","potentialAction":[{"@type":"ReadAction","target":["https:\/\/juniorb.it\/en\/prodotto\/orologio-uomo-automatico-acciaio-pelle-edizione-limitata-time-walker-automatic-date-montblanc-118494\/"]}]},{"@type":"ImageObject","inLanguage":"en-US","@id":"https:\/\/juniorb.it\/en\/prodotto\/orologio-uomo-automatico-acciaio-pelle-edizione-limitata-time-walker-automatic-date-montblanc-118494\/#primaryimage","url":"https:\/\/juniorb.it\/wp-content\/uploads\/2023\/02\/1882-jz4-1-OROLOGIO-UOMO-AUTOMATICO-ACCIAIO-PELLE-LIMITED-EDITION-TIME-WALKER-MONTBLANC-118494-2-2.jpg","contentUrl":"https:\/\/juniorb.it\/wp-content\/uploads\/2023\/02\/1882-jz4-1-OROLOGIO-UOMO-AUTOMATICO-ACCIAIO-PELLE-LIMITED-EDITION-TIME-WALKER-MONTBLANC-118494-2-2.jpg","width":800,"height":600},{"@type":"BreadcrumbList","@id":"https:\/\/juniorb.it\/en\/prodotto\/orologio-uomo-automatico-acciaio-pelle-edizione-limitata-time-walker-automatic-date-montblanc-118494\/#breadcrumb","itemListElement":[{"@type":"ListItem","position":1,"name":"Home","item":"https:\/\/juniorb.it\/en\/"},{"@type":"ListItem","position":2,"name":"Shop","item":"https:\/\/juniorb.it\/negozio\/"},{"@type":"ListItem","position":3,"name":"AUTOMATIC MEN&#8217;S WATCH STEEL \/LEATHER LIMITED EDITION TIME WALKER AUTOMATIC DATE MONTBLANC 118494"}]},{"@type":"WebSite","@id":"https:\/\/juniorb.it\/en\/#website","url":"https:\/\/juniorb.it\/en\/","name":"Juniorb","description":"","publisher":{"@id":"https:\/\/juniorb.it\/en\/#organization"},"potentialAction":[{"@type":"SearchAction","target":{"@type":"EntryPoint","urlTemplate":"https:\/\/juniorb.it\/en\/?s={search_term_string}"},"query-input":{"@type":"PropertyValueSpecification","valueRequired":true,"valueName":"search_term_string"}}],"inLanguage":"en-US"},{"@type":"Organization","@id":"https:\/\/juniorb.it\/en\/#organization","name":"Juniorb","url":"https:\/\/juniorb.it\/en\/","logo":{"@type":"ImageObject","inLanguage":"en-US","@id":"https:\/\/juniorb.it\/en\/#\/schema\/logo\/image\/","url":"https:\/\/juniorb.it\/wp-content\/uploads\/2025\/02\/footer-logo.png","contentUrl":"https:\/\/juniorb.it\/wp-content\/uploads\/2025\/02\/footer-logo.png","width":160,"height":136,"caption":"Juniorb"},"image":{"@id":"https:\/\/juniorb.it\/en\/#\/schema\/logo\/image\/"},"sameAs":["https:\/\/www.facebook.com\/JuniorBItalia","https:\/\/www.instagram.com\/juniorb_it\/"]}]}},"_links":{"self":[{"href":"https:\/\/juniorb.it\/en\/wp-json\/wp\/v2\/product\/267639","targetHints":{"allow":["GET"]}}],"collection":[{"href":"https:\/\/juniorb.it\/en\/wp-json\/wp\/v2\/product"}],"about":[{"href":"https:\/\/juniorb.it\/en\/wp-json\/wp\/v2\/types\/product"}],"replies":[{"embeddable":true,"href":"https:\/\/juniorb.it\/en\/wp-json\/wp\/v2\/comments?post=267639"}],"wp:featuredmedia":[{"embeddable":true,"href":"https:\/\/juniorb.it\/en\/wp-json\/wp\/v2\/media\/267638"}],"wp:attachment":[{"href":"https:\/\/juniorb.it\/en\/wp-json\/wp\/v2\/media?parent=267639"}],"wp:term":[{"taxonomy":"product_brand","embeddable":true,"href":"https:\/\/juniorb.it\/en\/wp-json\/wp\/v2\/product_brand?post=267639"},{"taxonomy":"product_cat","embeddable":true,"href":"https:\/\/juniorb.it\/en\/wp-json\/wp\/v2\/product_cat?post=267639"},{"taxonomy":"product_tag","embeddable":true,"href":"https:\/\/juniorb.it\/en\/wp-json\/wp\/v2\/product_tag?post=267639"},{"taxonomy":"giftcard-category","embeddable":true,"href":"https:\/\/juniorb.it\/en\/wp-json\/wp\/v2\/giftcard-category?post=267639"}],"curies":[{"name":"wp","href":"https:\/\/api.w.org\/{rel}","templated":true}]}}