{"id":271987,"date":"2024-01-12T16:25:49","date_gmt":"2024-01-12T15:25:49","guid":{"rendered":"https:\/\/juniorb.it\/prodotto\/orologio-uomo-automatico-titanio-titanio-vanguard-line-cut-franck-muller-v41-s-at-rel-line-cut-tt-mc-nr\/"},"modified":"2025-10-09T19:00:15","modified_gmt":"2025-10-09T17:00:15","slug":"orologio-uomo-automatico-titanio-titanio-vanguard-line-cut-franck-muller-v41-s-at-rel-line-cut-tt-mc-nr","status":"publish","type":"product","link":"https:\/\/juniorb.it\/en\/prodotto\/orologio-uomo-automatico-titanio-titanio-vanguard-line-cut-franck-muller-v41-s-at-rel-line-cut-tt-mc-nr\/","title":{"rendered":"AUTOMATIC MEN&#8217;S WATCH TITANIUM\/TITANIUM VANGUARD LINE CUT FRANCK MULLER V41 S AT REL LINE CUT TT MC NR"},"content":{"rendered":"<p>PRODUCT DESCRIPTION:<br \/>Reference:<\/p>\n<p>V 41 S AT REL LINE CUT TT MC NR<br \/>\nCollection:\u00a0Vanguard.<br \/>\nMovement type: Automatic.<br \/>\nCase material: Titanium grade 5<br \/>\nStrap material: Titanium grade 5<\/p>\n<p>MOVEMENT AND FUCTIONS:<br \/>\nMovement type: Automatic.<br \/>\nCaliber:\u00a0FM 708. Self-winding movement with power reserve of 42 hours.\u00a0 Thickness :3.84 mm. Balance wheel frequency set at 21,600 alternations per hour<br \/>\nFunction: Hors, minutes.<\/p>\n<p>CASE:<br \/>\nMaterial:\u00a0Titanium grade 5.<br \/>\nDimension:\u00a0Width: 41 mm x Length: 50 mm x Thickness: 9.10 mm<br \/>\nWater resistance:\u00a0Water-resistant to 3\u00a0bar.<br \/>\nGlass: sapphire.<br \/>\nDial:\u00a0Gray titanium PVD, matte gray hand-applied numerals with black outline<br \/>\nThickness: 9.10 mm.<\/p>\n<p>STRAP:<br \/>\nMaterial:\u00a0Titanium grade 5<br \/>\nBuckle:\u00a0Titanium grade 5 folding buckle.<br \/>\n\u00a0\n<\/p>\n<p>This special edition is made entirely of grade 5 titanium, known for its multiple physical and mechanical properties such as its strength, resistance to corrosion and erosion, extreme lightness and aesthetic qualities. All the elements of the timepiece, including the case, dial, bracelet and crown are made of bead-blasted titanium for a perfect unity of color and material.<\/p>\n<p>The lightness of the titanium and the continuity of the curve between the case and the bracelet, specially designed for this collection, gives this timepiece unparalleled comfort in wear. This new design gives the watch an aesthetic that is both discreet and distinctive.(95 grammes)<\/p>\n<p>The contour of the hand-applied numerals and the black dividing lines add depth to the dial, while the black insert on the side of the watch underscores the delicate curve of the case, whose thickness has been reduced to its minimum. For this new collection, Franck Muller watchmakers have created an extra-flat automatic movement.<\/p>\n<p>This technical feat made it possible to reduce the size of the case while accentuating the elegant character of the VANGUARD\u2122 collection. The finesse and refinement of the new &#8220;Line Cut&#8221; give nothing away from the precision and high level technical specifications that characterize Franck Muller Geneva timepieces<\/p>\n","protected":false},"excerpt":{"rendered":"<p>Questa edizione speciale \u00e8 realizzata interamente in titanio grado 5, noto per le sue molteplici propriet\u00e0 fisiche e meccaniche come robustezza, resistenza alla corrosione e all&#8217;erosione, estrema leggerezza e qualit\u00e0 estetiche. Tutti gli elementi dell&#8217;orologio, compresi cassa, quadrante, bracciale e corona, sono realizzati in titanio sabbiato per una perfetta unit\u00e0 di colore e materiale. La leggerezza del titanio e la continuit\u00e0 della curvatura tra cassa e bracciale, appositamente studiata per questa collezione, conferiscono a questo segnatempo un comfort ineguagliabile nell&#8217;indossare. Questo nuovo design conferisce all&#8217;orologio un&#8217;estetica discreta e distintiva.(95 grammi) Il contorno dei numeri applicati a mano e le linee divisorie nere aggiungono profondit\u00e0 al quadrante, mentre l&#8217;inserto nero sul lato dell&#8217;orologio sottolinea la delicata curvatura della cassa, il cui spessore \u00e8 stato ridotto al minimo. Per questa nuova collezione, gli orologiai Franck Muller hanno creato un movimento automatico ultrapiatto. Questa impresa tecnica ha permesso di ridurre le dimensioni della cassa accentuando il carattere elegante della collezione VANGUARD\u2122. La finezza e la raffinatezza del nuovo &#8220;Line Cut&#8221; nulla tolgono alla precisione e alle specifiche tecniche di alto livello che caratterizzano gli orologi Franck Muller Geneva<\/p>\n","protected":false},"featured_media":271978,"comment_status":"open","ping_status":"closed","template":"","meta":{"_acf_changed":false},"product_brand":[49531],"product_cat":[7768],"product_tag":[38157,38159,43088,43090,44188,46611],"giftcard-category":[],"class_list":{"0":"post-271987","1":"product","2":"type-product","3":"status-publish","4":"has-post-thumbnail","6":"product_brand-franck-muller-en","7":"product_cat-orologi-automatici-en","8":"product_tag-orologio-en-3","9":"product_tag-automatico-en-3","10":"product_tag-line-cut-en-3","11":"product_tag-v-41-s-at-rel-line-cut-tt-mc-nr-en-3","12":"product_tag-uomo-en-3","13":"product_tag-titanio-en-11","14":"pa_brand-franck-muller-en","16":"first","17":"instock","18":"taxable","19":"shipping-taxable","20":"purchasable","21":"product-type-simple","22":"add-to-wishlist-after_add_to_cart","24":"catalog-layout-default","25":"columns-xs-2"},"acf":[],"yoast_head":"<!-- This site is optimized with the Yoast SEO plugin v25.4 - https:\/\/yoast.com\/wordpress\/plugins\/seo\/ -->\n<title>AUTOMATIC MEN&#039;S WATCH TITANIUM\/TITANIUM VANGUARD LINE CUT FRANCK MULLER V41 S AT REL LINE CUT TT MC NR - Juniorb<\/title>\n<meta name=\"robots\" content=\"index, follow, max-snippet:-1, max-image-preview:large, max-video-preview:-1\" \/>\n<link rel=\"canonical\" href=\"https:\/\/juniorb.it\/en\/prodotto\/orologio-uomo-automatico-titanio-titanio-vanguard-line-cut-franck-muller-v41-s-at-rel-line-cut-tt-mc-nr\/\" \/>\n<meta property=\"og:locale\" content=\"en_US\" \/>\n<meta property=\"og:type\" content=\"article\" \/>\n<meta property=\"og:title\" content=\"AUTOMATIC MEN&#039;S WATCH TITANIUM\/TITANIUM VANGUARD LINE CUT FRANCK MULLER V41 S AT REL LINE CUT TT MC NR - Juniorb\" \/>\n<meta property=\"og:description\" content=\"Questa edizione speciale \u00e8 realizzata interamente in titanio grado 5, noto per le sue molteplici propriet\u00e0 fisiche e meccaniche come robustezza, resistenza alla corrosione e all&#039;erosione, estrema leggerezza e qualit\u00e0 estetiche. Tutti gli elementi dell&#039;orologio, compresi cassa, quadrante, bracciale e corona, sono realizzati in titanio sabbiato per una perfetta unit\u00e0 di colore e materiale. La leggerezza del titanio e la continuit\u00e0 della curvatura tra cassa e bracciale, appositamente studiata per questa collezione, conferiscono a questo segnatempo un comfort ineguagliabile nell&#039;indossare. Questo nuovo design conferisce all&#039;orologio un&#039;estetica discreta e distintiva.(95 grammi) Il contorno dei numeri applicati a mano e le linee divisorie nere aggiungono profondit\u00e0 al quadrante, mentre l&#039;inserto nero sul lato dell&#039;orologio sottolinea la delicata curvatura della cassa, il cui spessore \u00e8 stato ridotto al minimo. Per questa nuova collezione, gli orologiai Franck Muller hanno creato un movimento automatico ultrapiatto. Questa impresa tecnica ha permesso di ridurre le dimensioni della cassa accentuando il carattere elegante della collezione VANGUARD\u2122. La finezza e la raffinatezza del nuovo &quot;Line Cut&quot; nulla tolgono alla precisione e alle specifiche tecniche di alto livello che caratterizzano gli orologi Franck Muller Geneva\" \/>\n<meta property=\"og:url\" content=\"https:\/\/juniorb.it\/en\/prodotto\/orologio-uomo-automatico-titanio-titanio-vanguard-line-cut-franck-muller-v41-s-at-rel-line-cut-tt-mc-nr\/\" \/>\n<meta property=\"og:site_name\" content=\"Juniorb\" \/>\n<meta property=\"article:publisher\" content=\"https:\/\/www.facebook.com\/JuniorBItalia\" \/>\n<meta property=\"article:modified_time\" content=\"2025-10-09T17:00:15+00:00\" \/>\n<meta property=\"og:image\" content=\"https:\/\/juniorb.it\/wp-content\/uploads\/2024\/01\/2634-9pq-5-OROLOGIO-UOMO-AUTOMATICO-TITANIO-VANGUARD-LINE-CUT-V41SAT-5-2.jpg\" \/>\n\t<meta property=\"og:image:width\" content=\"1024\" \/>\n\t<meta property=\"og:image:height\" content=\"768\" \/>\n\t<meta property=\"og:image:type\" content=\"image\/jpeg\" \/>\n<meta name=\"twitter:card\" content=\"summary_large_image\" \/>\n<meta name=\"twitter:label1\" content=\"Est. reading time\" \/>\n\t<meta name=\"twitter:data1\" content=\"1 minute\" \/>\n<script type=\"application\/ld+json\" class=\"yoast-schema-graph\">{\"@context\":\"https:\/\/schema.org\",\"@graph\":[{\"@type\":\"WebPage\",\"@id\":\"https:\/\/juniorb.it\/en\/prodotto\/orologio-uomo-automatico-titanio-titanio-vanguard-line-cut-franck-muller-v41-s-at-rel-line-cut-tt-mc-nr\/\",\"url\":\"https:\/\/juniorb.it\/en\/prodotto\/orologio-uomo-automatico-titanio-titanio-vanguard-line-cut-franck-muller-v41-s-at-rel-line-cut-tt-mc-nr\/\",\"name\":\"AUTOMATIC MEN'S WATCH TITANIUM\/TITANIUM VANGUARD LINE CUT FRANCK MULLER V41 S AT REL LINE CUT TT MC NR - Juniorb\",\"isPartOf\":{\"@id\":\"https:\/\/juniorb.it\/en\/#website\"},\"primaryImageOfPage\":{\"@id\":\"https:\/\/juniorb.it\/en\/prodotto\/orologio-uomo-automatico-titanio-titanio-vanguard-line-cut-franck-muller-v41-s-at-rel-line-cut-tt-mc-nr\/#primaryimage\"},\"image\":{\"@id\":\"https:\/\/juniorb.it\/en\/prodotto\/orologio-uomo-automatico-titanio-titanio-vanguard-line-cut-franck-muller-v41-s-at-rel-line-cut-tt-mc-nr\/#primaryimage\"},\"thumbnailUrl\":\"https:\/\/juniorb.it\/wp-content\/uploads\/2024\/01\/2634-9pq-5-OROLOGIO-UOMO-AUTOMATICO-TITANIO-VANGUARD-LINE-CUT-V41SAT-5-2.jpg\",\"datePublished\":\"2024-01-12T15:25:49+00:00\",\"dateModified\":\"2025-10-09T17:00:15+00:00\",\"breadcrumb\":{\"@id\":\"https:\/\/juniorb.it\/en\/prodotto\/orologio-uomo-automatico-titanio-titanio-vanguard-line-cut-franck-muller-v41-s-at-rel-line-cut-tt-mc-nr\/#breadcrumb\"},\"inLanguage\":\"en-US\",\"potentialAction\":[{\"@type\":\"ReadAction\",\"target\":[\"https:\/\/juniorb.it\/en\/prodotto\/orologio-uomo-automatico-titanio-titanio-vanguard-line-cut-franck-muller-v41-s-at-rel-line-cut-tt-mc-nr\/\"]}]},{\"@type\":\"ImageObject\",\"inLanguage\":\"en-US\",\"@id\":\"https:\/\/juniorb.it\/en\/prodotto\/orologio-uomo-automatico-titanio-titanio-vanguard-line-cut-franck-muller-v41-s-at-rel-line-cut-tt-mc-nr\/#primaryimage\",\"url\":\"https:\/\/juniorb.it\/wp-content\/uploads\/2024\/01\/2634-9pq-5-OROLOGIO-UOMO-AUTOMATICO-TITANIO-VANGUARD-LINE-CUT-V41SAT-5-2.jpg\",\"contentUrl\":\"https:\/\/juniorb.it\/wp-content\/uploads\/2024\/01\/2634-9pq-5-OROLOGIO-UOMO-AUTOMATICO-TITANIO-VANGUARD-LINE-CUT-V41SAT-5-2.jpg\",\"width\":1024,\"height\":768},{\"@type\":\"BreadcrumbList\",\"@id\":\"https:\/\/juniorb.it\/en\/prodotto\/orologio-uomo-automatico-titanio-titanio-vanguard-line-cut-franck-muller-v41-s-at-rel-line-cut-tt-mc-nr\/#breadcrumb\",\"itemListElement\":[{\"@type\":\"ListItem\",\"position\":1,\"name\":\"Home\",\"item\":\"https:\/\/juniorb.it\/en\/\"},{\"@type\":\"ListItem\",\"position\":2,\"name\":\"Shop\",\"item\":\"https:\/\/juniorb.it\/negozio\/\"},{\"@type\":\"ListItem\",\"position\":3,\"name\":\"AUTOMATIC MEN&#8217;S WATCH TITANIUM\/TITANIUM VANGUARD LINE CUT FRANCK MULLER V41 S AT REL LINE CUT TT MC NR\"}]},{\"@type\":\"WebSite\",\"@id\":\"https:\/\/juniorb.it\/en\/#website\",\"url\":\"https:\/\/juniorb.it\/en\/\",\"name\":\"Juniorb\",\"description\":\"\",\"publisher\":{\"@id\":\"https:\/\/juniorb.it\/en\/#organization\"},\"potentialAction\":[{\"@type\":\"SearchAction\",\"target\":{\"@type\":\"EntryPoint\",\"urlTemplate\":\"https:\/\/juniorb.it\/en\/?s={search_term_string}\"},\"query-input\":{\"@type\":\"PropertyValueSpecification\",\"valueRequired\":true,\"valueName\":\"search_term_string\"}}],\"inLanguage\":\"en-US\"},{\"@type\":\"Organization\",\"@id\":\"https:\/\/juniorb.it\/en\/#organization\",\"name\":\"Juniorb\",\"url\":\"https:\/\/juniorb.it\/en\/\",\"logo\":{\"@type\":\"ImageObject\",\"inLanguage\":\"en-US\",\"@id\":\"https:\/\/juniorb.it\/en\/#\/schema\/logo\/image\/\",\"url\":\"https:\/\/juniorb.it\/wp-content\/uploads\/2025\/02\/footer-logo.png\",\"contentUrl\":\"https:\/\/juniorb.it\/wp-content\/uploads\/2025\/02\/footer-logo.png\",\"width\":160,\"height\":136,\"caption\":\"Juniorb\"},\"image\":{\"@id\":\"https:\/\/juniorb.it\/en\/#\/schema\/logo\/image\/\"},\"sameAs\":[\"https:\/\/www.facebook.com\/JuniorBItalia\",\"https:\/\/www.instagram.com\/juniorb_it\/\"]}]}<\/script>\n<!-- \/ Yoast SEO plugin. -->","yoast_head_json":{"title":"AUTOMATIC MEN'S WATCH TITANIUM\/TITANIUM VANGUARD LINE CUT FRANCK MULLER V41 S AT REL LINE CUT TT MC NR - Juniorb","robots":{"index":"index","follow":"follow","max-snippet":"max-snippet:-1","max-image-preview":"max-image-preview:large","max-video-preview":"max-video-preview:-1"},"canonical":"https:\/\/juniorb.it\/en\/prodotto\/orologio-uomo-automatico-titanio-titanio-vanguard-line-cut-franck-muller-v41-s-at-rel-line-cut-tt-mc-nr\/","og_locale":"en_US","og_type":"article","og_title":"AUTOMATIC MEN'S WATCH TITANIUM\/TITANIUM VANGUARD LINE CUT FRANCK MULLER V41 S AT REL LINE CUT TT MC NR - Juniorb","og_description":"Questa edizione speciale \u00e8 realizzata interamente in titanio grado 5, noto per le sue molteplici propriet\u00e0 fisiche e meccaniche come robustezza, resistenza alla corrosione e all'erosione, estrema leggerezza e qualit\u00e0 estetiche. Tutti gli elementi dell'orologio, compresi cassa, quadrante, bracciale e corona, sono realizzati in titanio sabbiato per una perfetta unit\u00e0 di colore e materiale. La leggerezza del titanio e la continuit\u00e0 della curvatura tra cassa e bracciale, appositamente studiata per questa collezione, conferiscono a questo segnatempo un comfort ineguagliabile nell'indossare. Questo nuovo design conferisce all'orologio un'estetica discreta e distintiva.(95 grammi) Il contorno dei numeri applicati a mano e le linee divisorie nere aggiungono profondit\u00e0 al quadrante, mentre l'inserto nero sul lato dell'orologio sottolinea la delicata curvatura della cassa, il cui spessore \u00e8 stato ridotto al minimo. Per questa nuova collezione, gli orologiai Franck Muller hanno creato un movimento automatico ultrapiatto. Questa impresa tecnica ha permesso di ridurre le dimensioni della cassa accentuando il carattere elegante della collezione VANGUARD\u2122. La finezza e la raffinatezza del nuovo \"Line Cut\" nulla tolgono alla precisione e alle specifiche tecniche di alto livello che caratterizzano gli orologi Franck Muller Geneva","og_url":"https:\/\/juniorb.it\/en\/prodotto\/orologio-uomo-automatico-titanio-titanio-vanguard-line-cut-franck-muller-v41-s-at-rel-line-cut-tt-mc-nr\/","og_site_name":"Juniorb","article_publisher":"https:\/\/www.facebook.com\/JuniorBItalia","article_modified_time":"2025-10-09T17:00:15+00:00","og_image":[{"width":1024,"height":768,"url":"https:\/\/juniorb.it\/wp-content\/uploads\/2024\/01\/2634-9pq-5-OROLOGIO-UOMO-AUTOMATICO-TITANIO-VANGUARD-LINE-CUT-V41SAT-5-2.jpg","type":"image\/jpeg"}],"twitter_card":"summary_large_image","twitter_misc":{"Est. reading time":"1 minute"},"schema":{"@context":"https:\/\/schema.org","@graph":[{"@type":"WebPage","@id":"https:\/\/juniorb.it\/en\/prodotto\/orologio-uomo-automatico-titanio-titanio-vanguard-line-cut-franck-muller-v41-s-at-rel-line-cut-tt-mc-nr\/","url":"https:\/\/juniorb.it\/en\/prodotto\/orologio-uomo-automatico-titanio-titanio-vanguard-line-cut-franck-muller-v41-s-at-rel-line-cut-tt-mc-nr\/","name":"AUTOMATIC MEN'S WATCH TITANIUM\/TITANIUM VANGUARD LINE CUT FRANCK MULLER V41 S AT REL LINE CUT TT MC NR - Juniorb","isPartOf":{"@id":"https:\/\/juniorb.it\/en\/#website"},"primaryImageOfPage":{"@id":"https:\/\/juniorb.it\/en\/prodotto\/orologio-uomo-automatico-titanio-titanio-vanguard-line-cut-franck-muller-v41-s-at-rel-line-cut-tt-mc-nr\/#primaryimage"},"image":{"@id":"https:\/\/juniorb.it\/en\/prodotto\/orologio-uomo-automatico-titanio-titanio-vanguard-line-cut-franck-muller-v41-s-at-rel-line-cut-tt-mc-nr\/#primaryimage"},"thumbnailUrl":"https:\/\/juniorb.it\/wp-content\/uploads\/2024\/01\/2634-9pq-5-OROLOGIO-UOMO-AUTOMATICO-TITANIO-VANGUARD-LINE-CUT-V41SAT-5-2.jpg","datePublished":"2024-01-12T15:25:49+00:00","dateModified":"2025-10-09T17:00:15+00:00","breadcrumb":{"@id":"https:\/\/juniorb.it\/en\/prodotto\/orologio-uomo-automatico-titanio-titanio-vanguard-line-cut-franck-muller-v41-s-at-rel-line-cut-tt-mc-nr\/#breadcrumb"},"inLanguage":"en-US","potentialAction":[{"@type":"ReadAction","target":["https:\/\/juniorb.it\/en\/prodotto\/orologio-uomo-automatico-titanio-titanio-vanguard-line-cut-franck-muller-v41-s-at-rel-line-cut-tt-mc-nr\/"]}]},{"@type":"ImageObject","inLanguage":"en-US","@id":"https:\/\/juniorb.it\/en\/prodotto\/orologio-uomo-automatico-titanio-titanio-vanguard-line-cut-franck-muller-v41-s-at-rel-line-cut-tt-mc-nr\/#primaryimage","url":"https:\/\/juniorb.it\/wp-content\/uploads\/2024\/01\/2634-9pq-5-OROLOGIO-UOMO-AUTOMATICO-TITANIO-VANGUARD-LINE-CUT-V41SAT-5-2.jpg","contentUrl":"https:\/\/juniorb.it\/wp-content\/uploads\/2024\/01\/2634-9pq-5-OROLOGIO-UOMO-AUTOMATICO-TITANIO-VANGUARD-LINE-CUT-V41SAT-5-2.jpg","width":1024,"height":768},{"@type":"BreadcrumbList","@id":"https:\/\/juniorb.it\/en\/prodotto\/orologio-uomo-automatico-titanio-titanio-vanguard-line-cut-franck-muller-v41-s-at-rel-line-cut-tt-mc-nr\/#breadcrumb","itemListElement":[{"@type":"ListItem","position":1,"name":"Home","item":"https:\/\/juniorb.it\/en\/"},{"@type":"ListItem","position":2,"name":"Shop","item":"https:\/\/juniorb.it\/negozio\/"},{"@type":"ListItem","position":3,"name":"AUTOMATIC MEN&#8217;S WATCH TITANIUM\/TITANIUM VANGUARD LINE CUT FRANCK MULLER V41 S AT REL LINE CUT TT MC NR"}]},{"@type":"WebSite","@id":"https:\/\/juniorb.it\/en\/#website","url":"https:\/\/juniorb.it\/en\/","name":"Juniorb","description":"","publisher":{"@id":"https:\/\/juniorb.it\/en\/#organization"},"potentialAction":[{"@type":"SearchAction","target":{"@type":"EntryPoint","urlTemplate":"https:\/\/juniorb.it\/en\/?s={search_term_string}"},"query-input":{"@type":"PropertyValueSpecification","valueRequired":true,"valueName":"search_term_string"}}],"inLanguage":"en-US"},{"@type":"Organization","@id":"https:\/\/juniorb.it\/en\/#organization","name":"Juniorb","url":"https:\/\/juniorb.it\/en\/","logo":{"@type":"ImageObject","inLanguage":"en-US","@id":"https:\/\/juniorb.it\/en\/#\/schema\/logo\/image\/","url":"https:\/\/juniorb.it\/wp-content\/uploads\/2025\/02\/footer-logo.png","contentUrl":"https:\/\/juniorb.it\/wp-content\/uploads\/2025\/02\/footer-logo.png","width":160,"height":136,"caption":"Juniorb"},"image":{"@id":"https:\/\/juniorb.it\/en\/#\/schema\/logo\/image\/"},"sameAs":["https:\/\/www.facebook.com\/JuniorBItalia","https:\/\/www.instagram.com\/juniorb_it\/"]}]}},"_links":{"self":[{"href":"https:\/\/juniorb.it\/en\/wp-json\/wp\/v2\/product\/271987","targetHints":{"allow":["GET"]}}],"collection":[{"href":"https:\/\/juniorb.it\/en\/wp-json\/wp\/v2\/product"}],"about":[{"href":"https:\/\/juniorb.it\/en\/wp-json\/wp\/v2\/types\/product"}],"replies":[{"embeddable":true,"href":"https:\/\/juniorb.it\/en\/wp-json\/wp\/v2\/comments?post=271987"}],"wp:featuredmedia":[{"embeddable":true,"href":"https:\/\/juniorb.it\/en\/wp-json\/wp\/v2\/media\/271978"}],"wp:attachment":[{"href":"https:\/\/juniorb.it\/en\/wp-json\/wp\/v2\/media?parent=271987"}],"wp:term":[{"taxonomy":"product_brand","embeddable":true,"href":"https:\/\/juniorb.it\/en\/wp-json\/wp\/v2\/product_brand?post=271987"},{"taxonomy":"product_cat","embeddable":true,"href":"https:\/\/juniorb.it\/en\/wp-json\/wp\/v2\/product_cat?post=271987"},{"taxonomy":"product_tag","embeddable":true,"href":"https:\/\/juniorb.it\/en\/wp-json\/wp\/v2\/product_tag?post=271987"},{"taxonomy":"giftcard-category","embeddable":true,"href":"https:\/\/juniorb.it\/en\/wp-json\/wp\/v2\/giftcard-category?post=271987"}],"curies":[{"name":"wp","href":"https:\/\/api.w.org\/{rel}","templated":true}]}}