{"id":274725,"date":"2023-04-26T15:33:42","date_gmt":"2023-04-26T13:33:42","guid":{"rendered":"https:\/\/juniorb.it\/prodotto\/roller-mozart-tribute-to-the-mont-blanc-meisterstuck-montblanc-107102\/"},"modified":"2025-10-09T19:40:52","modified_gmt":"2025-10-09T17:40:52","slug":"roller-mozart-tribute-to-the-mont-blanc-meisterstuck-montblanc-107102","status":"publish","type":"product","link":"https:\/\/juniorb.it\/en\/prodotto\/roller-mozart-tribute-to-the-mont-blanc-meisterstuck-montblanc-107102\/","title":{"rendered":"ROLLER MOZART TRIBUTE TO THE MONT BLANC MEISTERSTUCK MONTBLANC 107102"},"content":{"rendered":"<p>Item number: 107102<br \/>\nCollection:\u00a0Meisterst\u00fcck.<br \/>\nWriting mode: Roller<br \/>\nClip:\u00a0Rose-gold plated clip.<br \/>\nBarrel:\u00a0Barrel in white precious laquer.<br \/>\nCap: Cap in white precious laquer.<br \/>\nColour: white<br \/>\nDimension: Mozart<br \/>\nWeight: 23.63 gr<\/p>\n","protected":false},"excerpt":{"rendered":"<p>L&#8217;emblema Montblanc, ispirato alla vetta e ai sei ghiacciai del Monte Bianco, incarna da oltre un secolo la dedizione dell&#8217;azienda alla perfezione magistrale e alla pi\u00f9 raffinata artigianalit\u00e0 europea. La collezione &#8220;Tribute to The Mont Blanc&#8221; rappresenta un affascinante omaggio al monte pi\u00f9 alto d&#8217;Europa, ed \u00e8 al contempo espressione dell&#8217;impegno di Montblanc per tutelare e conservare le bellezze naturali e l&#8217;unicit\u00e0 del massiccio del Monte Bianco.<br \/>\nCon la loro superficie bianchissima come la neve, l&#8217;emblema Montblanc in quarzo latteolevigato e un&#8217;elegante incisione che raffigura il massicccio del Monte Bianco, gli strumenti da scrittura di questa collezione rendono omaggio alla vetta pi\u00f9 alta d&#8217;Europa.<\/p>\n","protected":false},"featured_media":274722,"comment_status":"open","ping_status":"closed","template":"","meta":{"_acf_changed":false},"product_brand":[49530],"product_cat":[7675],"product_tag":[9248,44751,49014,49246,49450],"giftcard-category":[],"class_list":{"0":"post-274725","1":"product","2":"type-product","3":"status-publish","4":"has-post-thumbnail","6":"product_brand-montblanc-en","7":"product_cat-strumenti-da-scrittura-en","8":"product_tag-mont-blanc","9":"product_tag-mozart-en-15","10":"product_tag-meisterstuck-en-466","11":"product_tag-roller-en-99","12":"product_tag-montblanc-en-1350","13":"pa_brand-montblanc-en","15":"first","16":"instock","17":"taxable","18":"shipping-taxable","19":"purchasable","20":"product-type-simple","21":"add-to-wishlist-after_add_to_cart","23":"catalog-layout-default","24":"columns-xs-0"},"acf":[],"yoast_head":"<!-- This site is optimized with the Yoast SEO plugin v25.4 - https:\/\/yoast.com\/wordpress\/plugins\/seo\/ -->\n<title>ROLLER MOZART TRIBUTE TO THE MONT BLANC MEISTERSTUCK MONTBLANC 107102 - Juniorb<\/title>\n<meta name=\"robots\" content=\"index, follow, max-snippet:-1, max-image-preview:large, max-video-preview:-1\" \/>\n<link rel=\"canonical\" href=\"https:\/\/juniorb.it\/en\/prodotto\/roller-mozart-tribute-to-the-mont-blanc-meisterstuck-montblanc-107102\/\" \/>\n<meta property=\"og:locale\" content=\"en_US\" \/>\n<meta property=\"og:type\" content=\"article\" \/>\n<meta property=\"og:title\" content=\"ROLLER MOZART TRIBUTE TO THE MONT BLANC MEISTERSTUCK MONTBLANC 107102 - Juniorb\" \/>\n<meta property=\"og:description\" content=\"L&#039;emblema Montblanc, ispirato alla vetta e ai sei ghiacciai del Monte Bianco, incarna da oltre un secolo la dedizione dell&#039;azienda alla perfezione magistrale e alla pi\u00f9 raffinata artigianalit\u00e0 europea. La collezione &quot;Tribute to The Mont Blanc&quot; rappresenta un affascinante omaggio al monte pi\u00f9 alto d&#039;Europa, ed \u00e8 al contempo espressione dell&#039;impegno di Montblanc per tutelare e conservare le bellezze naturali e l&#039;unicit\u00e0 del massiccio del Monte Bianco. Con la loro superficie bianchissima come la neve, l&#039;emblema Montblanc in quarzo latteolevigato e un&#039;elegante incisione che raffigura il massicccio del Monte Bianco, gli strumenti da scrittura di questa collezione rendono omaggio alla vetta pi\u00f9 alta d&#039;Europa.\" \/>\n<meta property=\"og:url\" content=\"https:\/\/juniorb.it\/en\/prodotto\/roller-mozart-tribute-to-the-mont-blanc-meisterstuck-montblanc-107102\/\" \/>\n<meta property=\"og:site_name\" content=\"Juniorb\" \/>\n<meta property=\"article:publisher\" content=\"https:\/\/www.facebook.com\/JuniorBItalia\" \/>\n<meta property=\"article:modified_time\" content=\"2025-10-09T17:40:52+00:00\" \/>\n<meta property=\"og:image\" content=\"https:\/\/juniorb.it\/wp-content\/uploads\/2023\/04\/3171-gqp-1-ROLLER-MOZART-TRIBUTE-TO-THE-MONT-BLANC-MEISTERSTUCK-MONTBLANC-107102-2.jpg\" \/>\n\t<meta property=\"og:image:width\" content=\"800\" \/>\n\t<meta property=\"og:image:height\" content=\"600\" \/>\n\t<meta property=\"og:image:type\" content=\"image\/jpeg\" \/>\n<meta name=\"twitter:card\" content=\"summary_large_image\" \/>\n<script type=\"application\/ld+json\" class=\"yoast-schema-graph\">{\"@context\":\"https:\/\/schema.org\",\"@graph\":[{\"@type\":\"WebPage\",\"@id\":\"https:\/\/juniorb.it\/en\/prodotto\/roller-mozart-tribute-to-the-mont-blanc-meisterstuck-montblanc-107102\/\",\"url\":\"https:\/\/juniorb.it\/en\/prodotto\/roller-mozart-tribute-to-the-mont-blanc-meisterstuck-montblanc-107102\/\",\"name\":\"ROLLER MOZART TRIBUTE TO THE MONT BLANC MEISTERSTUCK MONTBLANC 107102 - Juniorb\",\"isPartOf\":{\"@id\":\"https:\/\/juniorb.it\/en\/#website\"},\"primaryImageOfPage\":{\"@id\":\"https:\/\/juniorb.it\/en\/prodotto\/roller-mozart-tribute-to-the-mont-blanc-meisterstuck-montblanc-107102\/#primaryimage\"},\"image\":{\"@id\":\"https:\/\/juniorb.it\/en\/prodotto\/roller-mozart-tribute-to-the-mont-blanc-meisterstuck-montblanc-107102\/#primaryimage\"},\"thumbnailUrl\":\"https:\/\/juniorb.it\/wp-content\/uploads\/2023\/04\/3171-gqp-1-ROLLER-MOZART-TRIBUTE-TO-THE-MONT-BLANC-MEISTERSTUCK-MONTBLANC-107102-2.jpg\",\"datePublished\":\"2023-04-26T13:33:42+00:00\",\"dateModified\":\"2025-10-09T17:40:52+00:00\",\"breadcrumb\":{\"@id\":\"https:\/\/juniorb.it\/en\/prodotto\/roller-mozart-tribute-to-the-mont-blanc-meisterstuck-montblanc-107102\/#breadcrumb\"},\"inLanguage\":\"en-US\",\"potentialAction\":[{\"@type\":\"ReadAction\",\"target\":[\"https:\/\/juniorb.it\/en\/prodotto\/roller-mozart-tribute-to-the-mont-blanc-meisterstuck-montblanc-107102\/\"]}]},{\"@type\":\"ImageObject\",\"inLanguage\":\"en-US\",\"@id\":\"https:\/\/juniorb.it\/en\/prodotto\/roller-mozart-tribute-to-the-mont-blanc-meisterstuck-montblanc-107102\/#primaryimage\",\"url\":\"https:\/\/juniorb.it\/wp-content\/uploads\/2023\/04\/3171-gqp-1-ROLLER-MOZART-TRIBUTE-TO-THE-MONT-BLANC-MEISTERSTUCK-MONTBLANC-107102-2.jpg\",\"contentUrl\":\"https:\/\/juniorb.it\/wp-content\/uploads\/2023\/04\/3171-gqp-1-ROLLER-MOZART-TRIBUTE-TO-THE-MONT-BLANC-MEISTERSTUCK-MONTBLANC-107102-2.jpg\",\"width\":800,\"height\":600},{\"@type\":\"BreadcrumbList\",\"@id\":\"https:\/\/juniorb.it\/en\/prodotto\/roller-mozart-tribute-to-the-mont-blanc-meisterstuck-montblanc-107102\/#breadcrumb\",\"itemListElement\":[{\"@type\":\"ListItem\",\"position\":1,\"name\":\"Home\",\"item\":\"https:\/\/juniorb.it\/en\/\"},{\"@type\":\"ListItem\",\"position\":2,\"name\":\"Shop\",\"item\":\"https:\/\/juniorb.it\/negozio\/\"},{\"@type\":\"ListItem\",\"position\":3,\"name\":\"ROLLER MOZART TRIBUTE TO THE MONT BLANC MEISTERSTUCK MONTBLANC 107102\"}]},{\"@type\":\"WebSite\",\"@id\":\"https:\/\/juniorb.it\/en\/#website\",\"url\":\"https:\/\/juniorb.it\/en\/\",\"name\":\"Juniorb\",\"description\":\"\",\"potentialAction\":[{\"@type\":\"SearchAction\",\"target\":{\"@type\":\"EntryPoint\",\"urlTemplate\":\"https:\/\/juniorb.it\/en\/?s={search_term_string}\"},\"query-input\":{\"@type\":\"PropertyValueSpecification\",\"valueRequired\":true,\"valueName\":\"search_term_string\"}}],\"inLanguage\":\"en-US\"}]}<\/script>\n<!-- \/ Yoast SEO plugin. -->","yoast_head_json":{"title":"ROLLER MOZART TRIBUTE TO THE MONT BLANC MEISTERSTUCK MONTBLANC 107102 - Juniorb","robots":{"index":"index","follow":"follow","max-snippet":"max-snippet:-1","max-image-preview":"max-image-preview:large","max-video-preview":"max-video-preview:-1"},"canonical":"https:\/\/juniorb.it\/en\/prodotto\/roller-mozart-tribute-to-the-mont-blanc-meisterstuck-montblanc-107102\/","og_locale":"en_US","og_type":"article","og_title":"ROLLER MOZART TRIBUTE TO THE MONT BLANC MEISTERSTUCK MONTBLANC 107102 - Juniorb","og_description":"L'emblema Montblanc, ispirato alla vetta e ai sei ghiacciai del Monte Bianco, incarna da oltre un secolo la dedizione dell'azienda alla perfezione magistrale e alla pi\u00f9 raffinata artigianalit\u00e0 europea. La collezione \"Tribute to The Mont Blanc\" rappresenta un affascinante omaggio al monte pi\u00f9 alto d'Europa, ed \u00e8 al contempo espressione dell'impegno di Montblanc per tutelare e conservare le bellezze naturali e l'unicit\u00e0 del massiccio del Monte Bianco. Con la loro superficie bianchissima come la neve, l'emblema Montblanc in quarzo latteolevigato e un'elegante incisione che raffigura il massicccio del Monte Bianco, gli strumenti da scrittura di questa collezione rendono omaggio alla vetta pi\u00f9 alta d'Europa.","og_url":"https:\/\/juniorb.it\/en\/prodotto\/roller-mozart-tribute-to-the-mont-blanc-meisterstuck-montblanc-107102\/","og_site_name":"Juniorb","article_publisher":"https:\/\/www.facebook.com\/JuniorBItalia","article_modified_time":"2025-10-09T17:40:52+00:00","og_image":[{"width":800,"height":600,"url":"https:\/\/juniorb.it\/wp-content\/uploads\/2023\/04\/3171-gqp-1-ROLLER-MOZART-TRIBUTE-TO-THE-MONT-BLANC-MEISTERSTUCK-MONTBLANC-107102-2.jpg","type":"image\/jpeg"}],"twitter_card":"summary_large_image","schema":{"@context":"https:\/\/schema.org","@graph":[{"@type":"WebPage","@id":"https:\/\/juniorb.it\/en\/prodotto\/roller-mozart-tribute-to-the-mont-blanc-meisterstuck-montblanc-107102\/","url":"https:\/\/juniorb.it\/en\/prodotto\/roller-mozart-tribute-to-the-mont-blanc-meisterstuck-montblanc-107102\/","name":"ROLLER MOZART TRIBUTE TO THE MONT BLANC MEISTERSTUCK MONTBLANC 107102 - Juniorb","isPartOf":{"@id":"https:\/\/juniorb.it\/en\/#website"},"primaryImageOfPage":{"@id":"https:\/\/juniorb.it\/en\/prodotto\/roller-mozart-tribute-to-the-mont-blanc-meisterstuck-montblanc-107102\/#primaryimage"},"image":{"@id":"https:\/\/juniorb.it\/en\/prodotto\/roller-mozart-tribute-to-the-mont-blanc-meisterstuck-montblanc-107102\/#primaryimage"},"thumbnailUrl":"https:\/\/juniorb.it\/wp-content\/uploads\/2023\/04\/3171-gqp-1-ROLLER-MOZART-TRIBUTE-TO-THE-MONT-BLANC-MEISTERSTUCK-MONTBLANC-107102-2.jpg","datePublished":"2023-04-26T13:33:42+00:00","dateModified":"2025-10-09T17:40:52+00:00","breadcrumb":{"@id":"https:\/\/juniorb.it\/en\/prodotto\/roller-mozart-tribute-to-the-mont-blanc-meisterstuck-montblanc-107102\/#breadcrumb"},"inLanguage":"en-US","potentialAction":[{"@type":"ReadAction","target":["https:\/\/juniorb.it\/en\/prodotto\/roller-mozart-tribute-to-the-mont-blanc-meisterstuck-montblanc-107102\/"]}]},{"@type":"ImageObject","inLanguage":"en-US","@id":"https:\/\/juniorb.it\/en\/prodotto\/roller-mozart-tribute-to-the-mont-blanc-meisterstuck-montblanc-107102\/#primaryimage","url":"https:\/\/juniorb.it\/wp-content\/uploads\/2023\/04\/3171-gqp-1-ROLLER-MOZART-TRIBUTE-TO-THE-MONT-BLANC-MEISTERSTUCK-MONTBLANC-107102-2.jpg","contentUrl":"https:\/\/juniorb.it\/wp-content\/uploads\/2023\/04\/3171-gqp-1-ROLLER-MOZART-TRIBUTE-TO-THE-MONT-BLANC-MEISTERSTUCK-MONTBLANC-107102-2.jpg","width":800,"height":600},{"@type":"BreadcrumbList","@id":"https:\/\/juniorb.it\/en\/prodotto\/roller-mozart-tribute-to-the-mont-blanc-meisterstuck-montblanc-107102\/#breadcrumb","itemListElement":[{"@type":"ListItem","position":1,"name":"Home","item":"https:\/\/juniorb.it\/en\/"},{"@type":"ListItem","position":2,"name":"Shop","item":"https:\/\/juniorb.it\/negozio\/"},{"@type":"ListItem","position":3,"name":"ROLLER MOZART TRIBUTE TO THE MONT BLANC MEISTERSTUCK MONTBLANC 107102"}]},{"@type":"WebSite","@id":"https:\/\/juniorb.it\/en\/#website","url":"https:\/\/juniorb.it\/en\/","name":"Juniorb","description":"","potentialAction":[{"@type":"SearchAction","target":{"@type":"EntryPoint","urlTemplate":"https:\/\/juniorb.it\/en\/?s={search_term_string}"},"query-input":{"@type":"PropertyValueSpecification","valueRequired":true,"valueName":"search_term_string"}}],"inLanguage":"en-US"}]}},"_links":{"self":[{"href":"https:\/\/juniorb.it\/en\/wp-json\/wp\/v2\/product\/274725","targetHints":{"allow":["GET"]}}],"collection":[{"href":"https:\/\/juniorb.it\/en\/wp-json\/wp\/v2\/product"}],"about":[{"href":"https:\/\/juniorb.it\/en\/wp-json\/wp\/v2\/types\/product"}],"replies":[{"embeddable":true,"href":"https:\/\/juniorb.it\/en\/wp-json\/wp\/v2\/comments?post=274725"}],"wp:featuredmedia":[{"embeddable":true,"href":"https:\/\/juniorb.it\/en\/wp-json\/wp\/v2\/media\/274722"}],"wp:attachment":[{"href":"https:\/\/juniorb.it\/en\/wp-json\/wp\/v2\/media?parent=274725"}],"wp:term":[{"taxonomy":"product_brand","embeddable":true,"href":"https:\/\/juniorb.it\/en\/wp-json\/wp\/v2\/product_brand?post=274725"},{"taxonomy":"product_cat","embeddable":true,"href":"https:\/\/juniorb.it\/en\/wp-json\/wp\/v2\/product_cat?post=274725"},{"taxonomy":"product_tag","embeddable":true,"href":"https:\/\/juniorb.it\/en\/wp-json\/wp\/v2\/product_tag?post=274725"},{"taxonomy":"giftcard-category","embeddable":true,"href":"https:\/\/juniorb.it\/en\/wp-json\/wp\/v2\/giftcard-category?post=274725"}],"curies":[{"name":"wp","href":"https:\/\/api.w.org\/{rel}","templated":true}]}}