{"id":275633,"date":"2025-07-01T10:10:05","date_gmt":"2025-07-01T08:10:05","guid":{"rendered":"https:\/\/juniorb.it\/prodotto\/stilografica-legrand-doue-the-origin-collection-meisterstuck-montblanc-131346\/"},"modified":"2025-10-09T19:55:27","modified_gmt":"2025-10-09T17:55:27","slug":"stilografica-legrand-doue-the-origin-collection-meisterstuck-montblanc-131346","status":"publish","type":"product","link":"https:\/\/juniorb.it\/en\/prodotto\/stilografica-legrand-doue-the-origin-collection-meisterstuck-montblanc-131346\/","title":{"rendered":"FOUNTAIN PEN LEGRAND DOUE&#8217; THE ORIGIN COLLECTION MEISTERSTUCK MONTBLANC 131346"},"content":{"rendered":"<p>Item number:\u00a0131346<br \/>\nCollection: Meisterstuck The Origin Collection. Special edition.<br \/>\nWriting mode: fountain pen.<br \/>\nNib:\u00a0This jubilee edition is crowned with a rhodium-coated solid gold nib, proudly displaying the number 100 , along with the years 1924 and 2024 .(M)<br \/>\nClip:\u00a0The clip is an homage to early clip shapes found in some of the first Meisterst\u00fcck writing instruments, evoking a sense of nostalgia.\u00a0<br \/>\nBarrel:\u00a0blue lacquer<br \/>\nCap:\u00a0blue lacquer and platinum.\u00a0Upon closer inspection, one can discover the original Meisterst\u00fcck logo, which has adorned the cap as a symbol of high quality since its inception.<br \/>\nColour: Blue<br \/>\nDimension: 145.6 x 45.6 mm.\u00a0<br \/>\nWeight: 44.6 gr.<\/p>\n","protected":false},"excerpt":{"rendered":"<p>Since its launch in 1924, Montblanc&#8217;s Meisterst\u00fcck has been widely regarded as the quintessential fine writing instrument, symbolizing refined taste and a bold extension of oneself. Whether used to pen a love letter or sign a historical document, the Meisterst\u00fcck has left an indelible mark on the pages of history. To honor this milestone, Montblanc delved deep into its archives and created the Origin collection, paying homage to the brand&#8217;s rich history and heritage. The collection draws inspiration from early designs found in our archives, as well as design features featured on the earliest Meisterst\u00fcck editions, capturing the founding spirit and infusing it with a modern flair. The intricate pattern on the cap, coated with blue lacquer and platinum, harks back to an unreleased design that had been hidden away for decades, giving Montblanc the opportunity to finally introduce this long-forgotten design reminiscent of the Art D\u00e9co period. The clip is an homage to early clip shapes found in some of the first Meisterst\u00fcck writing instruments, evoking a sense of nostalgia. Upon closer inspection, one can discover the original Meisterst\u00fcck logo, which has adorned the cap as a symbol of high quality since its inception. This jubilee edition is crowned with a rhodium-coated solid gold nib, proudly displaying the number 100 , along with the years 1924 and 2024 . Here&#8217;s to another 100 years of excellence with Meisterst\u00fcck!<\/p>\n","protected":false},"featured_media":275626,"comment_status":"open","ping_status":"closed","template":"","meta":{"_acf_changed":false},"product_brand":[49530],"product_cat":[7675],"product_tag":[45288,46085,49014,49450],"giftcard-category":[],"class_list":{"0":"post-275633","1":"product","2":"type-product","3":"status-publish","4":"has-post-thumbnail","6":"product_brand-montblanc-en","7":"product_cat-strumenti-da-scrittura-en","8":"product_tag-131346-en-2","9":"product_tag-stilografica-en-8","10":"product_tag-meisterstuck-en-466","11":"product_tag-montblanc-en-1350","12":"pa_brand-montblanc-en","14":"first","15":"instock","16":"taxable","17":"shipping-taxable","18":"purchasable","19":"product-type-simple","20":"add-to-wishlist-after_add_to_cart","22":"catalog-layout-default","23":"columns-xs-2"},"acf":[],"yoast_head":"<!-- This site is optimized with the Yoast SEO plugin v25.4 - https:\/\/yoast.com\/wordpress\/plugins\/seo\/ -->\n<title>FOUNTAIN PEN LEGRAND DOUE&#039; THE ORIGIN COLLECTION MEISTERSTUCK MONTBLANC 131346 - Juniorb<\/title>\n<meta name=\"robots\" content=\"index, follow, max-snippet:-1, max-image-preview:large, max-video-preview:-1\" \/>\n<link rel=\"canonical\" href=\"https:\/\/juniorb.it\/en\/prodotto\/stilografica-legrand-doue-the-origin-collection-meisterstuck-montblanc-131346\/\" \/>\n<meta property=\"og:locale\" content=\"en_US\" \/>\n<meta property=\"og:type\" content=\"article\" \/>\n<meta property=\"og:title\" content=\"FOUNTAIN PEN LEGRAND DOUE&#039; THE ORIGIN COLLECTION MEISTERSTUCK MONTBLANC 131346 - Juniorb\" \/>\n<meta property=\"og:description\" content=\"Since its launch in 1924, Montblanc&#039;s Meisterst\u00fcck has been widely regarded as the quintessential fine writing instrument, symbolizing refined taste and a bold extension of oneself. Whether used to pen a love letter or sign a historical document, the Meisterst\u00fcck has left an indelible mark on the pages of history. To honor this milestone, Montblanc delved deep into its archives and created the Origin collection, paying homage to the brand&#039;s rich history and heritage. The collection draws inspiration from early designs found in our archives, as well as design features featured on the earliest Meisterst\u00fcck editions, capturing the founding spirit and infusing it with a modern flair. The intricate pattern on the cap, coated with blue lacquer and platinum, harks back to an unreleased design that had been hidden away for decades, giving Montblanc the opportunity to finally introduce this long-forgotten design reminiscent of the Art D\u00e9co period. The clip is an homage to early clip shapes found in some of the first Meisterst\u00fcck writing instruments, evoking a sense of nostalgia. Upon closer inspection, one can discover the original Meisterst\u00fcck logo, which has adorned the cap as a symbol of high quality since its inception. This jubilee edition is crowned with a rhodium-coated solid gold nib, proudly displaying the number 100 , along with the years 1924 and 2024 . Here&#039;s to another 100 years of excellence with Meisterst\u00fcck!\" \/>\n<meta property=\"og:url\" content=\"https:\/\/juniorb.it\/en\/prodotto\/stilografica-legrand-doue-the-origin-collection-meisterstuck-montblanc-131346\/\" \/>\n<meta property=\"og:site_name\" content=\"Juniorb\" \/>\n<meta property=\"article:publisher\" content=\"https:\/\/www.facebook.com\/JuniorBItalia\" \/>\n<meta property=\"article:modified_time\" content=\"2025-10-09T17:55:27+00:00\" \/>\n<meta property=\"og:image\" content=\"https:\/\/juniorb.it\/wp-content\/uploads\/2025\/07\/3905-ytv-1-STILOGRAFICA-DOUE-LEGRAND-THE-ORIGIN-COLLECTION-MEISTERSTUCK-MONTBLANC-131346-1-1.webp\" \/>\n\t<meta property=\"og:image:width\" content=\"800\" \/>\n\t<meta property=\"og:image:height\" content=\"600\" \/>\n\t<meta property=\"og:image:type\" content=\"image\/webp\" \/>\n<meta name=\"twitter:card\" content=\"summary_large_image\" \/>\n<meta name=\"twitter:label1\" content=\"Est. reading time\" \/>\n\t<meta name=\"twitter:data1\" content=\"1 minute\" \/>\n<script type=\"application\/ld+json\" class=\"yoast-schema-graph\">{\"@context\":\"https:\/\/schema.org\",\"@graph\":[{\"@type\":\"WebPage\",\"@id\":\"https:\/\/juniorb.it\/en\/prodotto\/stilografica-legrand-doue-the-origin-collection-meisterstuck-montblanc-131346\/\",\"url\":\"https:\/\/juniorb.it\/en\/prodotto\/stilografica-legrand-doue-the-origin-collection-meisterstuck-montblanc-131346\/\",\"name\":\"FOUNTAIN PEN LEGRAND DOUE' THE ORIGIN COLLECTION MEISTERSTUCK MONTBLANC 131346 - Juniorb\",\"isPartOf\":{\"@id\":\"https:\/\/juniorb.it\/en\/#website\"},\"primaryImageOfPage\":{\"@id\":\"https:\/\/juniorb.it\/en\/prodotto\/stilografica-legrand-doue-the-origin-collection-meisterstuck-montblanc-131346\/#primaryimage\"},\"image\":{\"@id\":\"https:\/\/juniorb.it\/en\/prodotto\/stilografica-legrand-doue-the-origin-collection-meisterstuck-montblanc-131346\/#primaryimage\"},\"thumbnailUrl\":\"https:\/\/juniorb.it\/wp-content\/uploads\/2025\/07\/3905-ytv-1-STILOGRAFICA-DOUE-LEGRAND-THE-ORIGIN-COLLECTION-MEISTERSTUCK-MONTBLANC-131346-1-1.webp\",\"datePublished\":\"2025-07-01T08:10:05+00:00\",\"dateModified\":\"2025-10-09T17:55:27+00:00\",\"breadcrumb\":{\"@id\":\"https:\/\/juniorb.it\/en\/prodotto\/stilografica-legrand-doue-the-origin-collection-meisterstuck-montblanc-131346\/#breadcrumb\"},\"inLanguage\":\"en-US\",\"potentialAction\":[{\"@type\":\"ReadAction\",\"target\":[\"https:\/\/juniorb.it\/en\/prodotto\/stilografica-legrand-doue-the-origin-collection-meisterstuck-montblanc-131346\/\"]}]},{\"@type\":\"ImageObject\",\"inLanguage\":\"en-US\",\"@id\":\"https:\/\/juniorb.it\/en\/prodotto\/stilografica-legrand-doue-the-origin-collection-meisterstuck-montblanc-131346\/#primaryimage\",\"url\":\"https:\/\/juniorb.it\/wp-content\/uploads\/2025\/07\/3905-ytv-1-STILOGRAFICA-DOUE-LEGRAND-THE-ORIGIN-COLLECTION-MEISTERSTUCK-MONTBLANC-131346-1-1.webp\",\"contentUrl\":\"https:\/\/juniorb.it\/wp-content\/uploads\/2025\/07\/3905-ytv-1-STILOGRAFICA-DOUE-LEGRAND-THE-ORIGIN-COLLECTION-MEISTERSTUCK-MONTBLANC-131346-1-1.webp\",\"width\":800,\"height\":600},{\"@type\":\"BreadcrumbList\",\"@id\":\"https:\/\/juniorb.it\/en\/prodotto\/stilografica-legrand-doue-the-origin-collection-meisterstuck-montblanc-131346\/#breadcrumb\",\"itemListElement\":[{\"@type\":\"ListItem\",\"position\":1,\"name\":\"Home\",\"item\":\"https:\/\/juniorb.it\/en\/\"},{\"@type\":\"ListItem\",\"position\":2,\"name\":\"Shop\",\"item\":\"https:\/\/juniorb.it\/negozio\/\"},{\"@type\":\"ListItem\",\"position\":3,\"name\":\"FOUNTAIN PEN LEGRAND DOUE&#8217; THE ORIGIN COLLECTION MEISTERSTUCK MONTBLANC 131346\"}]},{\"@type\":\"WebSite\",\"@id\":\"https:\/\/juniorb.it\/en\/#website\",\"url\":\"https:\/\/juniorb.it\/en\/\",\"name\":\"Juniorb\",\"description\":\"\",\"publisher\":{\"@id\":\"https:\/\/juniorb.it\/en\/#organization\"},\"potentialAction\":[{\"@type\":\"SearchAction\",\"target\":{\"@type\":\"EntryPoint\",\"urlTemplate\":\"https:\/\/juniorb.it\/en\/?s={search_term_string}\"},\"query-input\":{\"@type\":\"PropertyValueSpecification\",\"valueRequired\":true,\"valueName\":\"search_term_string\"}}],\"inLanguage\":\"en-US\"},{\"@type\":\"Organization\",\"@id\":\"https:\/\/juniorb.it\/en\/#organization\",\"name\":\"Juniorb\",\"url\":\"https:\/\/juniorb.it\/en\/\",\"logo\":{\"@type\":\"ImageObject\",\"inLanguage\":\"en-US\",\"@id\":\"https:\/\/juniorb.it\/en\/#\/schema\/logo\/image\/\",\"url\":\"https:\/\/juniorb.it\/wp-content\/uploads\/2025\/02\/footer-logo.png\",\"contentUrl\":\"https:\/\/juniorb.it\/wp-content\/uploads\/2025\/02\/footer-logo.png\",\"width\":160,\"height\":136,\"caption\":\"Juniorb\"},\"image\":{\"@id\":\"https:\/\/juniorb.it\/en\/#\/schema\/logo\/image\/\"},\"sameAs\":[\"https:\/\/www.facebook.com\/JuniorBItalia\",\"https:\/\/www.instagram.com\/juniorb_it\/\"]}]}<\/script>\n<!-- \/ Yoast SEO plugin. -->","yoast_head_json":{"title":"FOUNTAIN PEN LEGRAND DOUE' THE ORIGIN COLLECTION MEISTERSTUCK MONTBLANC 131346 - Juniorb","robots":{"index":"index","follow":"follow","max-snippet":"max-snippet:-1","max-image-preview":"max-image-preview:large","max-video-preview":"max-video-preview:-1"},"canonical":"https:\/\/juniorb.it\/en\/prodotto\/stilografica-legrand-doue-the-origin-collection-meisterstuck-montblanc-131346\/","og_locale":"en_US","og_type":"article","og_title":"FOUNTAIN PEN LEGRAND DOUE' THE ORIGIN COLLECTION MEISTERSTUCK MONTBLANC 131346 - Juniorb","og_description":"Since its launch in 1924, Montblanc's Meisterst\u00fcck has been widely regarded as the quintessential fine writing instrument, symbolizing refined taste and a bold extension of oneself. Whether used to pen a love letter or sign a historical document, the Meisterst\u00fcck has left an indelible mark on the pages of history. To honor this milestone, Montblanc delved deep into its archives and created the Origin collection, paying homage to the brand's rich history and heritage. The collection draws inspiration from early designs found in our archives, as well as design features featured on the earliest Meisterst\u00fcck editions, capturing the founding spirit and infusing it with a modern flair. The intricate pattern on the cap, coated with blue lacquer and platinum, harks back to an unreleased design that had been hidden away for decades, giving Montblanc the opportunity to finally introduce this long-forgotten design reminiscent of the Art D\u00e9co period. The clip is an homage to early clip shapes found in some of the first Meisterst\u00fcck writing instruments, evoking a sense of nostalgia. Upon closer inspection, one can discover the original Meisterst\u00fcck logo, which has adorned the cap as a symbol of high quality since its inception. This jubilee edition is crowned with a rhodium-coated solid gold nib, proudly displaying the number 100 , along with the years 1924 and 2024 . Here's to another 100 years of excellence with Meisterst\u00fcck!","og_url":"https:\/\/juniorb.it\/en\/prodotto\/stilografica-legrand-doue-the-origin-collection-meisterstuck-montblanc-131346\/","og_site_name":"Juniorb","article_publisher":"https:\/\/www.facebook.com\/JuniorBItalia","article_modified_time":"2025-10-09T17:55:27+00:00","og_image":[{"width":800,"height":600,"url":"https:\/\/juniorb.it\/wp-content\/uploads\/2025\/07\/3905-ytv-1-STILOGRAFICA-DOUE-LEGRAND-THE-ORIGIN-COLLECTION-MEISTERSTUCK-MONTBLANC-131346-1-1.webp","type":"image\/webp"}],"twitter_card":"summary_large_image","twitter_misc":{"Est. reading time":"1 minute"},"schema":{"@context":"https:\/\/schema.org","@graph":[{"@type":"WebPage","@id":"https:\/\/juniorb.it\/en\/prodotto\/stilografica-legrand-doue-the-origin-collection-meisterstuck-montblanc-131346\/","url":"https:\/\/juniorb.it\/en\/prodotto\/stilografica-legrand-doue-the-origin-collection-meisterstuck-montblanc-131346\/","name":"FOUNTAIN PEN LEGRAND DOUE' THE ORIGIN COLLECTION MEISTERSTUCK MONTBLANC 131346 - Juniorb","isPartOf":{"@id":"https:\/\/juniorb.it\/en\/#website"},"primaryImageOfPage":{"@id":"https:\/\/juniorb.it\/en\/prodotto\/stilografica-legrand-doue-the-origin-collection-meisterstuck-montblanc-131346\/#primaryimage"},"image":{"@id":"https:\/\/juniorb.it\/en\/prodotto\/stilografica-legrand-doue-the-origin-collection-meisterstuck-montblanc-131346\/#primaryimage"},"thumbnailUrl":"https:\/\/juniorb.it\/wp-content\/uploads\/2025\/07\/3905-ytv-1-STILOGRAFICA-DOUE-LEGRAND-THE-ORIGIN-COLLECTION-MEISTERSTUCK-MONTBLANC-131346-1-1.webp","datePublished":"2025-07-01T08:10:05+00:00","dateModified":"2025-10-09T17:55:27+00:00","breadcrumb":{"@id":"https:\/\/juniorb.it\/en\/prodotto\/stilografica-legrand-doue-the-origin-collection-meisterstuck-montblanc-131346\/#breadcrumb"},"inLanguage":"en-US","potentialAction":[{"@type":"ReadAction","target":["https:\/\/juniorb.it\/en\/prodotto\/stilografica-legrand-doue-the-origin-collection-meisterstuck-montblanc-131346\/"]}]},{"@type":"ImageObject","inLanguage":"en-US","@id":"https:\/\/juniorb.it\/en\/prodotto\/stilografica-legrand-doue-the-origin-collection-meisterstuck-montblanc-131346\/#primaryimage","url":"https:\/\/juniorb.it\/wp-content\/uploads\/2025\/07\/3905-ytv-1-STILOGRAFICA-DOUE-LEGRAND-THE-ORIGIN-COLLECTION-MEISTERSTUCK-MONTBLANC-131346-1-1.webp","contentUrl":"https:\/\/juniorb.it\/wp-content\/uploads\/2025\/07\/3905-ytv-1-STILOGRAFICA-DOUE-LEGRAND-THE-ORIGIN-COLLECTION-MEISTERSTUCK-MONTBLANC-131346-1-1.webp","width":800,"height":600},{"@type":"BreadcrumbList","@id":"https:\/\/juniorb.it\/en\/prodotto\/stilografica-legrand-doue-the-origin-collection-meisterstuck-montblanc-131346\/#breadcrumb","itemListElement":[{"@type":"ListItem","position":1,"name":"Home","item":"https:\/\/juniorb.it\/en\/"},{"@type":"ListItem","position":2,"name":"Shop","item":"https:\/\/juniorb.it\/negozio\/"},{"@type":"ListItem","position":3,"name":"FOUNTAIN PEN LEGRAND DOUE&#8217; THE ORIGIN COLLECTION MEISTERSTUCK MONTBLANC 131346"}]},{"@type":"WebSite","@id":"https:\/\/juniorb.it\/en\/#website","url":"https:\/\/juniorb.it\/en\/","name":"Juniorb","description":"","publisher":{"@id":"https:\/\/juniorb.it\/en\/#organization"},"potentialAction":[{"@type":"SearchAction","target":{"@type":"EntryPoint","urlTemplate":"https:\/\/juniorb.it\/en\/?s={search_term_string}"},"query-input":{"@type":"PropertyValueSpecification","valueRequired":true,"valueName":"search_term_string"}}],"inLanguage":"en-US"},{"@type":"Organization","@id":"https:\/\/juniorb.it\/en\/#organization","name":"Juniorb","url":"https:\/\/juniorb.it\/en\/","logo":{"@type":"ImageObject","inLanguage":"en-US","@id":"https:\/\/juniorb.it\/en\/#\/schema\/logo\/image\/","url":"https:\/\/juniorb.it\/wp-content\/uploads\/2025\/02\/footer-logo.png","contentUrl":"https:\/\/juniorb.it\/wp-content\/uploads\/2025\/02\/footer-logo.png","width":160,"height":136,"caption":"Juniorb"},"image":{"@id":"https:\/\/juniorb.it\/en\/#\/schema\/logo\/image\/"},"sameAs":["https:\/\/www.facebook.com\/JuniorBItalia","https:\/\/www.instagram.com\/juniorb_it\/"]}]}},"_links":{"self":[{"href":"https:\/\/juniorb.it\/en\/wp-json\/wp\/v2\/product\/275633","targetHints":{"allow":["GET"]}}],"collection":[{"href":"https:\/\/juniorb.it\/en\/wp-json\/wp\/v2\/product"}],"about":[{"href":"https:\/\/juniorb.it\/en\/wp-json\/wp\/v2\/types\/product"}],"replies":[{"embeddable":true,"href":"https:\/\/juniorb.it\/en\/wp-json\/wp\/v2\/comments?post=275633"}],"wp:featuredmedia":[{"embeddable":true,"href":"https:\/\/juniorb.it\/en\/wp-json\/wp\/v2\/media\/275626"}],"wp:attachment":[{"href":"https:\/\/juniorb.it\/en\/wp-json\/wp\/v2\/media?parent=275633"}],"wp:term":[{"taxonomy":"product_brand","embeddable":true,"href":"https:\/\/juniorb.it\/en\/wp-json\/wp\/v2\/product_brand?post=275633"},{"taxonomy":"product_cat","embeddable":true,"href":"https:\/\/juniorb.it\/en\/wp-json\/wp\/v2\/product_cat?post=275633"},{"taxonomy":"product_tag","embeddable":true,"href":"https:\/\/juniorb.it\/en\/wp-json\/wp\/v2\/product_tag?post=275633"},{"taxonomy":"giftcard-category","embeddable":true,"href":"https:\/\/juniorb.it\/en\/wp-json\/wp\/v2\/giftcard-category?post=275633"}],"curies":[{"name":"wp","href":"https:\/\/api.w.org\/{rel}","templated":true}]}}