{"id":281859,"date":"2025-08-06T12:11:25","date_gmt":"2025-08-06T10:11:25","guid":{"rendered":"https:\/\/juniorb.it\/prodotto\/orologio-uomo-automatico-city-life-watchmaker-milano-wm-cl-04\/"},"modified":"2025-10-09T21:30:37","modified_gmt":"2025-10-09T19:30:37","slug":"orologio-uomo-automatico-city-life-watchmaker-milano-wm-cl-04","status":"publish","type":"product","link":"https:\/\/juniorb.it\/en\/prodotto\/orologio-uomo-automatico-city-life-watchmaker-milano-wm-cl-04\/","title":{"rendered":"AUTOMATIC MEN&#8217;S WATCH CITY LIFE WATCHMAKER MILANO WM.CL.04"},"content":{"rendered":"<p>PRODUCT DESCRIPTION.<\/p>\n<p>\nReference:\u00a0WM.CL.04<br \/>\nMovement type: Automatic.<br \/>\nCase material: High resistance polycarbonate.<br \/>\nStrap material: Silicone.<\/p>\n<p>MOVEMENT AND FUNCTIONS:<br \/>\nMovement type: Automatic; 28880 frequency, 45h power reserve.<br \/>\nFunctions: Hours, minutes, skeleton movement.<\/p>\n<p>EARNINGS:<br \/>\nMaterial: High resistance polycarbonate<br \/>\nWaterproof: 3 ATM.<br \/>\nGlass:\u00a0Mineral glass with sapphire coating.<br \/>\nDial: Multi-level transparent dial.<br \/>\nFeatures: Balance wheel at 6 o&#8217;clock.<br \/>\nSpheres: Spheres and indexes with luminous.<\/p>\n<p>STRAP:<br \/>\nMaterial: Silicone<br \/>\nColor: Blue.<\/p>\n","protected":false},"excerpt":{"rendered":"<p>Watch Milano Citylife is chaos.<\/p>\n<p>It\u2019s elegance blending with the frantic pace of city life watch that stands out without asking for permission. Its ultra-durable polycarbonate case is lightweight yet built to withstand everything: from the blows of daily life to the most extreme moments. The lines are asymmetrical, bold, irreverent\u00f3a design that breaks the mold, just like the city it represents. Whether you\u00edre racing through the streets or experiencing Milan\u00eds nightlife, this watch is with you every step, every heartbeat.<\/p>\n<p>Inside Citylife beats a mechanical heart, pulsating with the same intensity as the city. The precision automatic movement is an ode to tradition, yet powered by an unstoppable energy. A movement that fears nothing, because like the city that inspires this model, it\u00eds always ready to reinvent and evolve.<\/p>\n<p>The charge is pure energy, fueled by your movements, by your boundless life. Time flows, and you are its master.<\/p>\n<p>Forget watches that only tell the time. Citylife is for those who live the city, who explore it, who are always one step ahead. Every detail of this watch is designed for those with the city in their veins, unafraid to take risks. Today\u00eds Milan is fast-paced, ever-evolving, and Citylife is your perfect companion in this urban jungle.<\/p><\/p>\n","protected":false},"featured_media":281858,"comment_status":"open","ping_status":"closed","template":"","meta":{"_acf_changed":false},"product_brand":[49572],"product_cat":[7768],"product_tag":[38157,38159,44188,48626,48631,49487,49488],"giftcard-category":[],"class_list":{"0":"post-281859","1":"product","2":"type-product","3":"status-publish","4":"has-post-thumbnail","6":"product_brand-watchmaker-milano-en","7":"product_cat-orologi-automatici-en","8":"product_tag-orologio-en-3","9":"product_tag-automatico-en-3","10":"product_tag-uomo-en-3","11":"product_tag-wm-cl-04-en-2","12":"product_tag-city-life-en-8","13":"product_tag-watchmaker-en-11","14":"product_tag-milano-en-11","15":"pa_brand-watchmaker-milano-en","17":"first","18":"outofstock","19":"taxable","20":"shipping-taxable","21":"purchasable","22":"product-type-simple","23":"add-to-wishlist-after_add_to_cart","25":"catalog-layout-default","26":"columns-xs-2"},"acf":[],"yoast_head":"<!-- This site is optimized with the Yoast SEO plugin v25.4 - https:\/\/yoast.com\/wordpress\/plugins\/seo\/ -->\n<title>AUTOMATIC MEN&#039;S WATCH CITY LIFE WATCHMAKER MILANO WM.CL.04 - Juniorb<\/title>\n<meta name=\"robots\" content=\"index, follow, max-snippet:-1, max-image-preview:large, max-video-preview:-1\" \/>\n<link rel=\"canonical\" href=\"https:\/\/juniorb.it\/en\/prodotto\/orologio-uomo-automatico-city-life-watchmaker-milano-wm-cl-04\/\" \/>\n<meta property=\"og:locale\" content=\"en_US\" \/>\n<meta property=\"og:type\" content=\"article\" \/>\n<meta property=\"og:title\" content=\"AUTOMATIC MEN&#039;S WATCH CITY LIFE WATCHMAKER MILANO WM.CL.04 - Juniorb\" \/>\n<meta property=\"og:description\" content=\"Watch Milano Citylife is chaos.It\u2019s elegance blending with the frantic pace of city life watch that stands out without asking for permission. Its ultra-durable polycarbonate case is lightweight yet built to withstand everything: from the blows of daily life to the most extreme moments. The lines are asymmetrical, bold, irreverent\u00f3a design that breaks the mold, just like the city it represents. Whether you\u00edre racing through the streets or experiencing Milan\u00eds nightlife, this watch is with you every step, every heartbeat.Inside Citylife beats a mechanical heart, pulsating with the same intensity as the city. The precision automatic movement is an ode to tradition, yet powered by an unstoppable energy. A movement that fears nothing, because like the city that inspires this model, it\u00eds always ready to reinvent and evolve.The charge is pure energy, fueled by your movements, by your boundless life. Time flows, and you are its master.Forget watches that only tell the time. Citylife is for those who live the city, who explore it, who are always one step ahead. Every detail of this watch is designed for those with the city in their veins, unafraid to take risks. Today\u00eds Milan is fast-paced, ever-evolving, and Citylife is your perfect companion in this urban jungle.\" \/>\n<meta property=\"og:url\" content=\"https:\/\/juniorb.it\/en\/prodotto\/orologio-uomo-automatico-city-life-watchmaker-milano-wm-cl-04\/\" \/>\n<meta property=\"og:site_name\" content=\"Juniorb\" \/>\n<meta property=\"article:publisher\" content=\"https:\/\/www.facebook.com\/JuniorBItalia\" \/>\n<meta property=\"article:modified_time\" content=\"2025-10-09T19:30:37+00:00\" \/>\n<meta property=\"og:image\" content=\"https:\/\/juniorb.it\/wp-content\/uploads\/2025\/08\/4428-xmb-1-OROLOGIO-TRASPARENTE-WATCHMAKER-MILANO-CITY-LIFE-WMCL04-BLU-1.jpg\" \/>\n\t<meta property=\"og:image:width\" content=\"800\" \/>\n\t<meta property=\"og:image:height\" content=\"600\" \/>\n\t<meta property=\"og:image:type\" content=\"image\/jpeg\" \/>\n<meta name=\"twitter:card\" content=\"summary_large_image\" \/>\n<script type=\"application\/ld+json\" class=\"yoast-schema-graph\">{\"@context\":\"https:\/\/schema.org\",\"@graph\":[{\"@type\":\"WebPage\",\"@id\":\"https:\/\/juniorb.it\/en\/prodotto\/orologio-uomo-automatico-city-life-watchmaker-milano-wm-cl-04\/\",\"url\":\"https:\/\/juniorb.it\/en\/prodotto\/orologio-uomo-automatico-city-life-watchmaker-milano-wm-cl-04\/\",\"name\":\"AUTOMATIC MEN'S WATCH CITY LIFE WATCHMAKER MILANO WM.CL.04 - Juniorb\",\"isPartOf\":{\"@id\":\"https:\/\/juniorb.it\/en\/#website\"},\"primaryImageOfPage\":{\"@id\":\"https:\/\/juniorb.it\/en\/prodotto\/orologio-uomo-automatico-city-life-watchmaker-milano-wm-cl-04\/#primaryimage\"},\"image\":{\"@id\":\"https:\/\/juniorb.it\/en\/prodotto\/orologio-uomo-automatico-city-life-watchmaker-milano-wm-cl-04\/#primaryimage\"},\"thumbnailUrl\":\"https:\/\/juniorb.it\/wp-content\/uploads\/2025\/08\/4428-xmb-1-OROLOGIO-TRASPARENTE-WATCHMAKER-MILANO-CITY-LIFE-WMCL04-BLU-1.jpg\",\"datePublished\":\"2025-08-06T10:11:25+00:00\",\"dateModified\":\"2025-10-09T19:30:37+00:00\",\"breadcrumb\":{\"@id\":\"https:\/\/juniorb.it\/en\/prodotto\/orologio-uomo-automatico-city-life-watchmaker-milano-wm-cl-04\/#breadcrumb\"},\"inLanguage\":\"en-US\",\"potentialAction\":[{\"@type\":\"ReadAction\",\"target\":[\"https:\/\/juniorb.it\/en\/prodotto\/orologio-uomo-automatico-city-life-watchmaker-milano-wm-cl-04\/\"]}]},{\"@type\":\"ImageObject\",\"inLanguage\":\"en-US\",\"@id\":\"https:\/\/juniorb.it\/en\/prodotto\/orologio-uomo-automatico-city-life-watchmaker-milano-wm-cl-04\/#primaryimage\",\"url\":\"https:\/\/juniorb.it\/wp-content\/uploads\/2025\/08\/4428-xmb-1-OROLOGIO-TRASPARENTE-WATCHMAKER-MILANO-CITY-LIFE-WMCL04-BLU-1.jpg\",\"contentUrl\":\"https:\/\/juniorb.it\/wp-content\/uploads\/2025\/08\/4428-xmb-1-OROLOGIO-TRASPARENTE-WATCHMAKER-MILANO-CITY-LIFE-WMCL04-BLU-1.jpg\",\"width\":800,\"height\":600},{\"@type\":\"BreadcrumbList\",\"@id\":\"https:\/\/juniorb.it\/en\/prodotto\/orologio-uomo-automatico-city-life-watchmaker-milano-wm-cl-04\/#breadcrumb\",\"itemListElement\":[{\"@type\":\"ListItem\",\"position\":1,\"name\":\"Home\",\"item\":\"https:\/\/juniorb.it\/en\/\"},{\"@type\":\"ListItem\",\"position\":2,\"name\":\"Shop\",\"item\":\"https:\/\/juniorb.it\/negozio\/\"},{\"@type\":\"ListItem\",\"position\":3,\"name\":\"AUTOMATIC MEN&#8217;S WATCH CITY LIFE WATCHMAKER MILANO WM.CL.04\"}]},{\"@type\":\"WebSite\",\"@id\":\"https:\/\/juniorb.it\/en\/#website\",\"url\":\"https:\/\/juniorb.it\/en\/\",\"name\":\"Juniorb\",\"description\":\"\",\"publisher\":{\"@id\":\"https:\/\/juniorb.it\/en\/#organization\"},\"potentialAction\":[{\"@type\":\"SearchAction\",\"target\":{\"@type\":\"EntryPoint\",\"urlTemplate\":\"https:\/\/juniorb.it\/en\/?s={search_term_string}\"},\"query-input\":{\"@type\":\"PropertyValueSpecification\",\"valueRequired\":true,\"valueName\":\"search_term_string\"}}],\"inLanguage\":\"en-US\"},{\"@type\":\"Organization\",\"@id\":\"https:\/\/juniorb.it\/en\/#organization\",\"name\":\"Juniorb\",\"url\":\"https:\/\/juniorb.it\/en\/\",\"logo\":{\"@type\":\"ImageObject\",\"inLanguage\":\"en-US\",\"@id\":\"https:\/\/juniorb.it\/en\/#\/schema\/logo\/image\/\",\"url\":\"https:\/\/juniorb.it\/wp-content\/uploads\/2025\/02\/footer-logo.png\",\"contentUrl\":\"https:\/\/juniorb.it\/wp-content\/uploads\/2025\/02\/footer-logo.png\",\"width\":160,\"height\":136,\"caption\":\"Juniorb\"},\"image\":{\"@id\":\"https:\/\/juniorb.it\/en\/#\/schema\/logo\/image\/\"},\"sameAs\":[\"https:\/\/www.facebook.com\/JuniorBItalia\",\"https:\/\/www.instagram.com\/juniorb_it\/\"]}]}<\/script>\n<!-- \/ Yoast SEO plugin. -->","yoast_head_json":{"title":"AUTOMATIC MEN'S WATCH CITY LIFE WATCHMAKER MILANO WM.CL.04 - Juniorb","robots":{"index":"index","follow":"follow","max-snippet":"max-snippet:-1","max-image-preview":"max-image-preview:large","max-video-preview":"max-video-preview:-1"},"canonical":"https:\/\/juniorb.it\/en\/prodotto\/orologio-uomo-automatico-city-life-watchmaker-milano-wm-cl-04\/","og_locale":"en_US","og_type":"article","og_title":"AUTOMATIC MEN'S WATCH CITY LIFE WATCHMAKER MILANO WM.CL.04 - Juniorb","og_description":"Watch Milano Citylife is chaos.It\u2019s elegance blending with the frantic pace of city life watch that stands out without asking for permission. Its ultra-durable polycarbonate case is lightweight yet built to withstand everything: from the blows of daily life to the most extreme moments. The lines are asymmetrical, bold, irreverent\u00f3a design that breaks the mold, just like the city it represents. Whether you\u00edre racing through the streets or experiencing Milan\u00eds nightlife, this watch is with you every step, every heartbeat.Inside Citylife beats a mechanical heart, pulsating with the same intensity as the city. The precision automatic movement is an ode to tradition, yet powered by an unstoppable energy. A movement that fears nothing, because like the city that inspires this model, it\u00eds always ready to reinvent and evolve.The charge is pure energy, fueled by your movements, by your boundless life. Time flows, and you are its master.Forget watches that only tell the time. Citylife is for those who live the city, who explore it, who are always one step ahead. Every detail of this watch is designed for those with the city in their veins, unafraid to take risks. Today\u00eds Milan is fast-paced, ever-evolving, and Citylife is your perfect companion in this urban jungle.","og_url":"https:\/\/juniorb.it\/en\/prodotto\/orologio-uomo-automatico-city-life-watchmaker-milano-wm-cl-04\/","og_site_name":"Juniorb","article_publisher":"https:\/\/www.facebook.com\/JuniorBItalia","article_modified_time":"2025-10-09T19:30:37+00:00","og_image":[{"width":800,"height":600,"url":"https:\/\/juniorb.it\/wp-content\/uploads\/2025\/08\/4428-xmb-1-OROLOGIO-TRASPARENTE-WATCHMAKER-MILANO-CITY-LIFE-WMCL04-BLU-1.jpg","type":"image\/jpeg"}],"twitter_card":"summary_large_image","schema":{"@context":"https:\/\/schema.org","@graph":[{"@type":"WebPage","@id":"https:\/\/juniorb.it\/en\/prodotto\/orologio-uomo-automatico-city-life-watchmaker-milano-wm-cl-04\/","url":"https:\/\/juniorb.it\/en\/prodotto\/orologio-uomo-automatico-city-life-watchmaker-milano-wm-cl-04\/","name":"AUTOMATIC MEN'S WATCH CITY LIFE WATCHMAKER MILANO WM.CL.04 - Juniorb","isPartOf":{"@id":"https:\/\/juniorb.it\/en\/#website"},"primaryImageOfPage":{"@id":"https:\/\/juniorb.it\/en\/prodotto\/orologio-uomo-automatico-city-life-watchmaker-milano-wm-cl-04\/#primaryimage"},"image":{"@id":"https:\/\/juniorb.it\/en\/prodotto\/orologio-uomo-automatico-city-life-watchmaker-milano-wm-cl-04\/#primaryimage"},"thumbnailUrl":"https:\/\/juniorb.it\/wp-content\/uploads\/2025\/08\/4428-xmb-1-OROLOGIO-TRASPARENTE-WATCHMAKER-MILANO-CITY-LIFE-WMCL04-BLU-1.jpg","datePublished":"2025-08-06T10:11:25+00:00","dateModified":"2025-10-09T19:30:37+00:00","breadcrumb":{"@id":"https:\/\/juniorb.it\/en\/prodotto\/orologio-uomo-automatico-city-life-watchmaker-milano-wm-cl-04\/#breadcrumb"},"inLanguage":"en-US","potentialAction":[{"@type":"ReadAction","target":["https:\/\/juniorb.it\/en\/prodotto\/orologio-uomo-automatico-city-life-watchmaker-milano-wm-cl-04\/"]}]},{"@type":"ImageObject","inLanguage":"en-US","@id":"https:\/\/juniorb.it\/en\/prodotto\/orologio-uomo-automatico-city-life-watchmaker-milano-wm-cl-04\/#primaryimage","url":"https:\/\/juniorb.it\/wp-content\/uploads\/2025\/08\/4428-xmb-1-OROLOGIO-TRASPARENTE-WATCHMAKER-MILANO-CITY-LIFE-WMCL04-BLU-1.jpg","contentUrl":"https:\/\/juniorb.it\/wp-content\/uploads\/2025\/08\/4428-xmb-1-OROLOGIO-TRASPARENTE-WATCHMAKER-MILANO-CITY-LIFE-WMCL04-BLU-1.jpg","width":800,"height":600},{"@type":"BreadcrumbList","@id":"https:\/\/juniorb.it\/en\/prodotto\/orologio-uomo-automatico-city-life-watchmaker-milano-wm-cl-04\/#breadcrumb","itemListElement":[{"@type":"ListItem","position":1,"name":"Home","item":"https:\/\/juniorb.it\/en\/"},{"@type":"ListItem","position":2,"name":"Shop","item":"https:\/\/juniorb.it\/negozio\/"},{"@type":"ListItem","position":3,"name":"AUTOMATIC MEN&#8217;S WATCH CITY LIFE WATCHMAKER MILANO WM.CL.04"}]},{"@type":"WebSite","@id":"https:\/\/juniorb.it\/en\/#website","url":"https:\/\/juniorb.it\/en\/","name":"Juniorb","description":"","publisher":{"@id":"https:\/\/juniorb.it\/en\/#organization"},"potentialAction":[{"@type":"SearchAction","target":{"@type":"EntryPoint","urlTemplate":"https:\/\/juniorb.it\/en\/?s={search_term_string}"},"query-input":{"@type":"PropertyValueSpecification","valueRequired":true,"valueName":"search_term_string"}}],"inLanguage":"en-US"},{"@type":"Organization","@id":"https:\/\/juniorb.it\/en\/#organization","name":"Juniorb","url":"https:\/\/juniorb.it\/en\/","logo":{"@type":"ImageObject","inLanguage":"en-US","@id":"https:\/\/juniorb.it\/en\/#\/schema\/logo\/image\/","url":"https:\/\/juniorb.it\/wp-content\/uploads\/2025\/02\/footer-logo.png","contentUrl":"https:\/\/juniorb.it\/wp-content\/uploads\/2025\/02\/footer-logo.png","width":160,"height":136,"caption":"Juniorb"},"image":{"@id":"https:\/\/juniorb.it\/en\/#\/schema\/logo\/image\/"},"sameAs":["https:\/\/www.facebook.com\/JuniorBItalia","https:\/\/www.instagram.com\/juniorb_it\/"]}]}},"_links":{"self":[{"href":"https:\/\/juniorb.it\/en\/wp-json\/wp\/v2\/product\/281859","targetHints":{"allow":["GET"]}}],"collection":[{"href":"https:\/\/juniorb.it\/en\/wp-json\/wp\/v2\/product"}],"about":[{"href":"https:\/\/juniorb.it\/en\/wp-json\/wp\/v2\/types\/product"}],"replies":[{"embeddable":true,"href":"https:\/\/juniorb.it\/en\/wp-json\/wp\/v2\/comments?post=281859"}],"wp:featuredmedia":[{"embeddable":true,"href":"https:\/\/juniorb.it\/en\/wp-json\/wp\/v2\/media\/281858"}],"wp:attachment":[{"href":"https:\/\/juniorb.it\/en\/wp-json\/wp\/v2\/media?parent=281859"}],"wp:term":[{"taxonomy":"product_brand","embeddable":true,"href":"https:\/\/juniorb.it\/en\/wp-json\/wp\/v2\/product_brand?post=281859"},{"taxonomy":"product_cat","embeddable":true,"href":"https:\/\/juniorb.it\/en\/wp-json\/wp\/v2\/product_cat?post=281859"},{"taxonomy":"product_tag","embeddable":true,"href":"https:\/\/juniorb.it\/en\/wp-json\/wp\/v2\/product_tag?post=281859"},{"taxonomy":"giftcard-category","embeddable":true,"href":"https:\/\/juniorb.it\/en\/wp-json\/wp\/v2\/giftcard-category?post=281859"}],"curies":[{"name":"wp","href":"https:\/\/api.w.org\/{rel}","templated":true}]}}