{"id":282701,"date":"2025-04-10T11:41:45","date_gmt":"2025-04-10T09:41:45","guid":{"rendered":"https:\/\/juniorb.it\/prodotto\/marker-festival-montegrappa-is1srmub-is1srmuc\/"},"modified":"2025-10-09T21:40:54","modified_gmt":"2025-10-09T19:40:54","slug":"marker-festival-montegrappa-is1srmub-is1srmuc","status":"publish","type":"product","link":"https:\/\/juniorb.it\/en\/prodotto\/marker-festival-montegrappa-is1srmub-is1srmuc\/","title":{"rendered":"MARKER FESTIVAL MONTEGRAPPA IS1SRMUB &#8211; IS1SRMUC"},"content":{"rendered":"<p>Item number: IS1SRMUB (blue) &#8211; IS1SRMUC (black)<br \/>\nCollection: Festival<br \/>\nWriting mode: marker<br \/>\nBarrel: Stainless Steel, Anodised Aluminium<br \/>\nCap: Anodised Aluminium<br \/>\nDimension: 155 x 19 mm.\u00a0<br \/>\nWeight: 65 gr.<\/p>\n","protected":false},"excerpt":{"rendered":"<p>Festival<\/p>\n<p>\u00a0\u00e8 pi\u00f9 di un semplice strumento da scrittura: \u00e8 un\u2019icona di stile. Con il suo tratto deciso e raffinato, accompagna la tua ispirazione su qualsiasi superficie, dal backstage alla sala prove.<br \/>\nUna rivoluzione nel mondo della scrittura di lusso.\u00a0Festival\u00a0ridefinisce i confini dell\u2019alta scrittura unendo design, innovazione e personalizzazione. Dalla carta alla ceramica, dal metallo alla pelle\u2026 lascia il tuo segno ovunque!<\/p>\n","protected":false},"featured_media":282694,"comment_status":"open","ping_status":"closed","template":"","meta":{"_acf_changed":false},"product_brand":[49664],"product_cat":[7675],"product_tag":[49002,49003,49005,49006],"giftcard-category":[],"class_list":{"0":"post-282701","1":"product","2":"type-product","3":"status-publish","4":"has-post-thumbnail","6":"product_brand-montegrappa-en","7":"product_cat-strumenti-da-scrittura-en","8":"product_tag-marker-en-2","9":"product_tag-festival-en-2","10":"product_tag-is1srmub-en-2","11":"product_tag-is1srmuc-en-2","12":"pa_brand-montegrappa-en","14":"first","15":"instock","16":"taxable","17":"shipping-taxable","18":"purchasable","19":"product-type-variable","20":"add-to-wishlist-after_add_to_cart","22":"catalog-layout-default","23":"columns-xs-2"},"acf":[],"yoast_head":"<!-- This site is optimized with the Yoast SEO plugin v25.4 - https:\/\/yoast.com\/wordpress\/plugins\/seo\/ -->\n<title>MARKER FESTIVAL MONTEGRAPPA IS1SRMUB - IS1SRMUC - Juniorb<\/title>\n<meta name=\"robots\" content=\"index, follow, max-snippet:-1, max-image-preview:large, max-video-preview:-1\" \/>\n<link rel=\"canonical\" href=\"https:\/\/juniorb.it\/en\/prodotto\/marker-festival-montegrappa-is1srmub-is1srmuc\/\" \/>\n<meta property=\"og:locale\" content=\"en_US\" \/>\n<meta property=\"og:type\" content=\"article\" \/>\n<meta property=\"og:title\" content=\"MARKER FESTIVAL MONTEGRAPPA IS1SRMUB - IS1SRMUC - Juniorb\" \/>\n<meta property=\"og:description\" content=\"Festival\u00a0\u00e8 pi\u00f9 di un semplice strumento da scrittura: \u00e8 un\u2019icona di stile. Con il suo tratto deciso e raffinato, accompagna la tua ispirazione su qualsiasi superficie, dal backstage alla sala prove. Una rivoluzione nel mondo della scrittura di lusso.\u00a0Festival\u00a0ridefinisce i confini dell\u2019alta scrittura unendo design, innovazione e personalizzazione. Dalla carta alla ceramica, dal metallo alla pelle\u2026 lascia il tuo segno ovunque!\" \/>\n<meta property=\"og:url\" content=\"https:\/\/juniorb.it\/en\/prodotto\/marker-festival-montegrappa-is1srmub-is1srmuc\/\" \/>\n<meta property=\"og:site_name\" content=\"Juniorb\" \/>\n<meta property=\"article:publisher\" content=\"https:\/\/www.facebook.com\/JuniorBItalia\" \/>\n<meta property=\"article:modified_time\" content=\"2025-10-09T19:40:54+00:00\" \/>\n<meta property=\"og:image\" content=\"https:\/\/juniorb.it\/wp-content\/uploads\/2025\/04\/4557-o2n-1-MARKER-BLU-FESTIVAL-MONTEGRAPPA-IS1SRMUB-1-2.webp\" \/>\n\t<meta property=\"og:image:width\" content=\"800\" \/>\n\t<meta property=\"og:image:height\" content=\"600\" \/>\n\t<meta property=\"og:image:type\" content=\"image\/webp\" \/>\n<meta name=\"twitter:card\" content=\"summary_large_image\" \/>\n<script type=\"application\/ld+json\" class=\"yoast-schema-graph\">{\"@context\":\"https:\/\/schema.org\",\"@graph\":[{\"@type\":\"WebPage\",\"@id\":\"https:\/\/juniorb.it\/en\/prodotto\/marker-festival-montegrappa-is1srmub-is1srmuc\/\",\"url\":\"https:\/\/juniorb.it\/en\/prodotto\/marker-festival-montegrappa-is1srmub-is1srmuc\/\",\"name\":\"MARKER FESTIVAL MONTEGRAPPA IS1SRMUB - IS1SRMUC - Juniorb\",\"isPartOf\":{\"@id\":\"https:\/\/juniorb.it\/en\/#website\"},\"primaryImageOfPage\":{\"@id\":\"https:\/\/juniorb.it\/en\/prodotto\/marker-festival-montegrappa-is1srmub-is1srmuc\/#primaryimage\"},\"image\":{\"@id\":\"https:\/\/juniorb.it\/en\/prodotto\/marker-festival-montegrappa-is1srmub-is1srmuc\/#primaryimage\"},\"thumbnailUrl\":\"https:\/\/juniorb.it\/wp-content\/uploads\/2025\/04\/4557-o2n-1-MARKER-BLU-FESTIVAL-MONTEGRAPPA-IS1SRMUB-1-2.webp\",\"datePublished\":\"2025-04-10T09:41:45+00:00\",\"dateModified\":\"2025-10-09T19:40:54+00:00\",\"breadcrumb\":{\"@id\":\"https:\/\/juniorb.it\/en\/prodotto\/marker-festival-montegrappa-is1srmub-is1srmuc\/#breadcrumb\"},\"inLanguage\":\"en-US\",\"potentialAction\":[{\"@type\":\"ReadAction\",\"target\":[\"https:\/\/juniorb.it\/en\/prodotto\/marker-festival-montegrappa-is1srmub-is1srmuc\/\"]}]},{\"@type\":\"ImageObject\",\"inLanguage\":\"en-US\",\"@id\":\"https:\/\/juniorb.it\/en\/prodotto\/marker-festival-montegrappa-is1srmub-is1srmuc\/#primaryimage\",\"url\":\"https:\/\/juniorb.it\/wp-content\/uploads\/2025\/04\/4557-o2n-1-MARKER-BLU-FESTIVAL-MONTEGRAPPA-IS1SRMUB-1-2.webp\",\"contentUrl\":\"https:\/\/juniorb.it\/wp-content\/uploads\/2025\/04\/4557-o2n-1-MARKER-BLU-FESTIVAL-MONTEGRAPPA-IS1SRMUB-1-2.webp\",\"width\":800,\"height\":600},{\"@type\":\"BreadcrumbList\",\"@id\":\"https:\/\/juniorb.it\/en\/prodotto\/marker-festival-montegrappa-is1srmub-is1srmuc\/#breadcrumb\",\"itemListElement\":[{\"@type\":\"ListItem\",\"position\":1,\"name\":\"Home\",\"item\":\"https:\/\/juniorb.it\/en\/\"},{\"@type\":\"ListItem\",\"position\":2,\"name\":\"Shop\",\"item\":\"https:\/\/juniorb.it\/negozio\/\"},{\"@type\":\"ListItem\",\"position\":3,\"name\":\"MARKER FESTIVAL MONTEGRAPPA IS1SRMUB &#8211; IS1SRMUC\"}]},{\"@type\":\"WebSite\",\"@id\":\"https:\/\/juniorb.it\/en\/#website\",\"url\":\"https:\/\/juniorb.it\/en\/\",\"name\":\"Juniorb\",\"description\":\"\",\"publisher\":{\"@id\":\"https:\/\/juniorb.it\/en\/#organization\"},\"potentialAction\":[{\"@type\":\"SearchAction\",\"target\":{\"@type\":\"EntryPoint\",\"urlTemplate\":\"https:\/\/juniorb.it\/en\/?s={search_term_string}\"},\"query-input\":{\"@type\":\"PropertyValueSpecification\",\"valueRequired\":true,\"valueName\":\"search_term_string\"}}],\"inLanguage\":\"en-US\"},{\"@type\":\"Organization\",\"@id\":\"https:\/\/juniorb.it\/en\/#organization\",\"name\":\"Juniorb\",\"url\":\"https:\/\/juniorb.it\/en\/\",\"logo\":{\"@type\":\"ImageObject\",\"inLanguage\":\"en-US\",\"@id\":\"https:\/\/juniorb.it\/en\/#\/schema\/logo\/image\/\",\"url\":\"https:\/\/juniorb.it\/wp-content\/uploads\/2025\/02\/footer-logo.png\",\"contentUrl\":\"https:\/\/juniorb.it\/wp-content\/uploads\/2025\/02\/footer-logo.png\",\"width\":160,\"height\":136,\"caption\":\"Juniorb\"},\"image\":{\"@id\":\"https:\/\/juniorb.it\/en\/#\/schema\/logo\/image\/\"},\"sameAs\":[\"https:\/\/www.facebook.com\/JuniorBItalia\",\"https:\/\/www.instagram.com\/juniorb_it\/\"]}]}<\/script>\n<!-- \/ Yoast SEO plugin. -->","yoast_head_json":{"title":"MARKER FESTIVAL MONTEGRAPPA IS1SRMUB - IS1SRMUC - Juniorb","robots":{"index":"index","follow":"follow","max-snippet":"max-snippet:-1","max-image-preview":"max-image-preview:large","max-video-preview":"max-video-preview:-1"},"canonical":"https:\/\/juniorb.it\/en\/prodotto\/marker-festival-montegrappa-is1srmub-is1srmuc\/","og_locale":"en_US","og_type":"article","og_title":"MARKER FESTIVAL MONTEGRAPPA IS1SRMUB - IS1SRMUC - Juniorb","og_description":"Festival\u00a0\u00e8 pi\u00f9 di un semplice strumento da scrittura: \u00e8 un\u2019icona di stile. Con il suo tratto deciso e raffinato, accompagna la tua ispirazione su qualsiasi superficie, dal backstage alla sala prove. Una rivoluzione nel mondo della scrittura di lusso.\u00a0Festival\u00a0ridefinisce i confini dell\u2019alta scrittura unendo design, innovazione e personalizzazione. Dalla carta alla ceramica, dal metallo alla pelle\u2026 lascia il tuo segno ovunque!","og_url":"https:\/\/juniorb.it\/en\/prodotto\/marker-festival-montegrappa-is1srmub-is1srmuc\/","og_site_name":"Juniorb","article_publisher":"https:\/\/www.facebook.com\/JuniorBItalia","article_modified_time":"2025-10-09T19:40:54+00:00","og_image":[{"width":800,"height":600,"url":"https:\/\/juniorb.it\/wp-content\/uploads\/2025\/04\/4557-o2n-1-MARKER-BLU-FESTIVAL-MONTEGRAPPA-IS1SRMUB-1-2.webp","type":"image\/webp"}],"twitter_card":"summary_large_image","schema":{"@context":"https:\/\/schema.org","@graph":[{"@type":"WebPage","@id":"https:\/\/juniorb.it\/en\/prodotto\/marker-festival-montegrappa-is1srmub-is1srmuc\/","url":"https:\/\/juniorb.it\/en\/prodotto\/marker-festival-montegrappa-is1srmub-is1srmuc\/","name":"MARKER FESTIVAL MONTEGRAPPA IS1SRMUB - IS1SRMUC - Juniorb","isPartOf":{"@id":"https:\/\/juniorb.it\/en\/#website"},"primaryImageOfPage":{"@id":"https:\/\/juniorb.it\/en\/prodotto\/marker-festival-montegrappa-is1srmub-is1srmuc\/#primaryimage"},"image":{"@id":"https:\/\/juniorb.it\/en\/prodotto\/marker-festival-montegrappa-is1srmub-is1srmuc\/#primaryimage"},"thumbnailUrl":"https:\/\/juniorb.it\/wp-content\/uploads\/2025\/04\/4557-o2n-1-MARKER-BLU-FESTIVAL-MONTEGRAPPA-IS1SRMUB-1-2.webp","datePublished":"2025-04-10T09:41:45+00:00","dateModified":"2025-10-09T19:40:54+00:00","breadcrumb":{"@id":"https:\/\/juniorb.it\/en\/prodotto\/marker-festival-montegrappa-is1srmub-is1srmuc\/#breadcrumb"},"inLanguage":"en-US","potentialAction":[{"@type":"ReadAction","target":["https:\/\/juniorb.it\/en\/prodotto\/marker-festival-montegrappa-is1srmub-is1srmuc\/"]}]},{"@type":"ImageObject","inLanguage":"en-US","@id":"https:\/\/juniorb.it\/en\/prodotto\/marker-festival-montegrappa-is1srmub-is1srmuc\/#primaryimage","url":"https:\/\/juniorb.it\/wp-content\/uploads\/2025\/04\/4557-o2n-1-MARKER-BLU-FESTIVAL-MONTEGRAPPA-IS1SRMUB-1-2.webp","contentUrl":"https:\/\/juniorb.it\/wp-content\/uploads\/2025\/04\/4557-o2n-1-MARKER-BLU-FESTIVAL-MONTEGRAPPA-IS1SRMUB-1-2.webp","width":800,"height":600},{"@type":"BreadcrumbList","@id":"https:\/\/juniorb.it\/en\/prodotto\/marker-festival-montegrappa-is1srmub-is1srmuc\/#breadcrumb","itemListElement":[{"@type":"ListItem","position":1,"name":"Home","item":"https:\/\/juniorb.it\/en\/"},{"@type":"ListItem","position":2,"name":"Shop","item":"https:\/\/juniorb.it\/negozio\/"},{"@type":"ListItem","position":3,"name":"MARKER FESTIVAL MONTEGRAPPA IS1SRMUB &#8211; IS1SRMUC"}]},{"@type":"WebSite","@id":"https:\/\/juniorb.it\/en\/#website","url":"https:\/\/juniorb.it\/en\/","name":"Juniorb","description":"","publisher":{"@id":"https:\/\/juniorb.it\/en\/#organization"},"potentialAction":[{"@type":"SearchAction","target":{"@type":"EntryPoint","urlTemplate":"https:\/\/juniorb.it\/en\/?s={search_term_string}"},"query-input":{"@type":"PropertyValueSpecification","valueRequired":true,"valueName":"search_term_string"}}],"inLanguage":"en-US"},{"@type":"Organization","@id":"https:\/\/juniorb.it\/en\/#organization","name":"Juniorb","url":"https:\/\/juniorb.it\/en\/","logo":{"@type":"ImageObject","inLanguage":"en-US","@id":"https:\/\/juniorb.it\/en\/#\/schema\/logo\/image\/","url":"https:\/\/juniorb.it\/wp-content\/uploads\/2025\/02\/footer-logo.png","contentUrl":"https:\/\/juniorb.it\/wp-content\/uploads\/2025\/02\/footer-logo.png","width":160,"height":136,"caption":"Juniorb"},"image":{"@id":"https:\/\/juniorb.it\/en\/#\/schema\/logo\/image\/"},"sameAs":["https:\/\/www.facebook.com\/JuniorBItalia","https:\/\/www.instagram.com\/juniorb_it\/"]}]}},"_links":{"self":[{"href":"https:\/\/juniorb.it\/en\/wp-json\/wp\/v2\/product\/282701","targetHints":{"allow":["GET"]}}],"collection":[{"href":"https:\/\/juniorb.it\/en\/wp-json\/wp\/v2\/product"}],"about":[{"href":"https:\/\/juniorb.it\/en\/wp-json\/wp\/v2\/types\/product"}],"replies":[{"embeddable":true,"href":"https:\/\/juniorb.it\/en\/wp-json\/wp\/v2\/comments?post=282701"}],"wp:featuredmedia":[{"embeddable":true,"href":"https:\/\/juniorb.it\/en\/wp-json\/wp\/v2\/media\/282694"}],"wp:attachment":[{"href":"https:\/\/juniorb.it\/en\/wp-json\/wp\/v2\/media?parent=282701"}],"wp:term":[{"taxonomy":"product_brand","embeddable":true,"href":"https:\/\/juniorb.it\/en\/wp-json\/wp\/v2\/product_brand?post=282701"},{"taxonomy":"product_cat","embeddable":true,"href":"https:\/\/juniorb.it\/en\/wp-json\/wp\/v2\/product_cat?post=282701"},{"taxonomy":"product_tag","embeddable":true,"href":"https:\/\/juniorb.it\/en\/wp-json\/wp\/v2\/product_tag?post=282701"},{"taxonomy":"giftcard-category","embeddable":true,"href":"https:\/\/juniorb.it\/en\/wp-json\/wp\/v2\/giftcard-category?post=282701"}],"curies":[{"name":"wp","href":"https:\/\/api.w.org\/{rel}","templated":true}]}}