{"id":288084,"date":"2026-03-10T11:02:22","date_gmt":"2026-03-10T10:02:22","guid":{"rendered":"https:\/\/juniorb.it\/?post_type=product&#038;p=288084"},"modified":"2026-03-28T10:42:23","modified_gmt":"2026-03-28T09:42:23","slug":"18kt-rose-gold-ring-with-black-cathedral-enamel-paillettes-chantecler-44729","status":"publish","type":"product","link":"https:\/\/juniorb.it\/en\/prodotto\/18kt-rose-gold-ring-with-black-cathedral-enamel-paillettes-chantecler-44729\/","title":{"rendered":"18KT ROSE GOLD RING WITH BLACK CATHEDRAL ENAMEL PAILLETTES CHANTECLER 44729"},"content":{"rendered":"<p>Codice articolo: 44729.<br \/>\nCollezione: Paillettes.<br \/>\nMateriale: Oro rosa 18 kt e smalto.<br \/>\nPietre: Diamanti bianchi.<br \/>\nCaratura: CT 0,08 NR 15<br \/>\nMisura 13 (on request possibility of customisation)<br \/>\nPeso oro: 8.90 gr.<\/p>\n<p>Ispirata alla Dolce Vita caprese degli anni Cinquanta, Paillettes \u00e8 il simbolo di un\u2019epoca festosa e libera. L\u2019idea \u00e8 quella delle paillettes, usate per decorare gli abiti pi\u00f9 eleganti e renderli naturalmente pi\u00f9 scintillanti. Pi\u00f9 che gioielli, le creazioni Paillettes sono vere e proprie cascate di gioia effervescente.<\/p>\n","protected":false},"excerpt":{"rendered":"<p>Paillettes ring in 18kt rose gold and black cathedral enamel, featuring the Chantecler rooster outlined in diamonds<\/p>\n","protected":false},"featured_media":288083,"comment_status":"open","ping_status":"closed","template":"","meta":{"_acf_changed":false},"product_brand":[49523],"product_cat":[7706],"product_tag":[39177,45344,48049,49213],"giftcard-category":[],"class_list":{"0":"post-288084","1":"product","2":"type-product","3":"status-publish","4":"has-post-thumbnail","6":"etichetta-new","7":"product_brand-chantecler-en","8":"product_cat-anelli-fantasia-en","9":"product_tag-oro-rosa-en-22","10":"product_tag-ring-2","11":"product_tag-paillettes-en-137","12":"product_tag-chantecler-en-1424","13":"pa_brand-chantecler-en","15":"first","16":"instock","17":"taxable","18":"shipping-taxable","19":"purchasable","20":"product-type-simple","21":"add-to-wishlist-after_add_to_cart","23":"catalog-layout-default","24":"columns-xs-0"},"acf":[],"yoast_head":"<!-- This site is optimized with the Yoast SEO plugin v25.4 - https:\/\/yoast.com\/wordpress\/plugins\/seo\/ -->\n<title>18KT ROSE GOLD RING WITH BLACK CATHEDRAL ENAMEL PAILLETTES CHANTECLER 44729 - Juniorb<\/title>\n<meta name=\"robots\" content=\"index, follow, max-snippet:-1, max-image-preview:large, max-video-preview:-1\" \/>\n<link rel=\"canonical\" href=\"https:\/\/juniorb.it\/en\/prodotto\/18kt-rose-gold-ring-with-black-cathedral-enamel-paillettes-chantecler-44729\/\" \/>\n<meta property=\"og:locale\" content=\"en_US\" \/>\n<meta property=\"og:type\" content=\"article\" \/>\n<meta property=\"og:title\" content=\"18KT ROSE GOLD RING WITH BLACK CATHEDRAL ENAMEL PAILLETTES CHANTECLER 44729 - Juniorb\" \/>\n<meta property=\"og:description\" content=\"Paillettes ring in 18kt rose gold and black cathedral enamel, featuring the Chantecler rooster outlined in diamonds\" \/>\n<meta property=\"og:url\" content=\"https:\/\/juniorb.it\/en\/prodotto\/18kt-rose-gold-ring-with-black-cathedral-enamel-paillettes-chantecler-44729\/\" \/>\n<meta property=\"og:site_name\" content=\"Juniorb\" \/>\n<meta property=\"article:publisher\" content=\"https:\/\/www.facebook.com\/JuniorBItalia\" \/>\n<meta property=\"article:modified_time\" content=\"2026-03-28T09:42:23+00:00\" \/>\n<meta property=\"og:image\" content=\"https:\/\/juniorb.it\/wp-content\/uploads\/2026\/03\/ANELLO-FIORE-IN-ORO-ROSA-E-SMALTO-CATTEDRALE-NERO-PAILLETTES-CHANTECLER-44729.webp\" \/>\n\t<meta property=\"og:image:width\" content=\"800\" \/>\n\t<meta property=\"og:image:height\" content=\"600\" \/>\n\t<meta property=\"og:image:type\" content=\"image\/webp\" \/>\n<meta name=\"twitter:card\" content=\"summary_large_image\" \/>\n<meta name=\"twitter:label1\" content=\"Est. reading time\" \/>\n\t<meta name=\"twitter:data1\" content=\"1 minute\" \/>\n<script type=\"application\/ld+json\" class=\"yoast-schema-graph\">{\"@context\":\"https:\/\/schema.org\",\"@graph\":[{\"@type\":\"WebPage\",\"@id\":\"https:\/\/juniorb.it\/en\/prodotto\/18kt-rose-gold-ring-with-black-cathedral-enamel-paillettes-chantecler-44729\/\",\"url\":\"https:\/\/juniorb.it\/en\/prodotto\/18kt-rose-gold-ring-with-black-cathedral-enamel-paillettes-chantecler-44729\/\",\"name\":\"18KT ROSE GOLD RING WITH BLACK CATHEDRAL ENAMEL PAILLETTES CHANTECLER 44729 - Juniorb\",\"isPartOf\":{\"@id\":\"https:\/\/juniorb.it\/en\/#website\"},\"primaryImageOfPage\":{\"@id\":\"https:\/\/juniorb.it\/en\/prodotto\/18kt-rose-gold-ring-with-black-cathedral-enamel-paillettes-chantecler-44729\/#primaryimage\"},\"image\":{\"@id\":\"https:\/\/juniorb.it\/en\/prodotto\/18kt-rose-gold-ring-with-black-cathedral-enamel-paillettes-chantecler-44729\/#primaryimage\"},\"thumbnailUrl\":\"https:\/\/juniorb.it\/wp-content\/uploads\/2026\/03\/ANELLO-FIORE-IN-ORO-ROSA-E-SMALTO-CATTEDRALE-NERO-PAILLETTES-CHANTECLER-44729.webp\",\"datePublished\":\"2026-03-10T10:02:22+00:00\",\"dateModified\":\"2026-03-28T09:42:23+00:00\",\"breadcrumb\":{\"@id\":\"https:\/\/juniorb.it\/en\/prodotto\/18kt-rose-gold-ring-with-black-cathedral-enamel-paillettes-chantecler-44729\/#breadcrumb\"},\"inLanguage\":\"en-US\",\"potentialAction\":[{\"@type\":\"ReadAction\",\"target\":[\"https:\/\/juniorb.it\/en\/prodotto\/18kt-rose-gold-ring-with-black-cathedral-enamel-paillettes-chantecler-44729\/\"]}]},{\"@type\":\"ImageObject\",\"inLanguage\":\"en-US\",\"@id\":\"https:\/\/juniorb.it\/en\/prodotto\/18kt-rose-gold-ring-with-black-cathedral-enamel-paillettes-chantecler-44729\/#primaryimage\",\"url\":\"https:\/\/juniorb.it\/wp-content\/uploads\/2026\/03\/ANELLO-FIORE-IN-ORO-ROSA-E-SMALTO-CATTEDRALE-NERO-PAILLETTES-CHANTECLER-44729.webp\",\"contentUrl\":\"https:\/\/juniorb.it\/wp-content\/uploads\/2026\/03\/ANELLO-FIORE-IN-ORO-ROSA-E-SMALTO-CATTEDRALE-NERO-PAILLETTES-CHANTECLER-44729.webp\",\"width\":800,\"height\":600},{\"@type\":\"BreadcrumbList\",\"@id\":\"https:\/\/juniorb.it\/en\/prodotto\/18kt-rose-gold-ring-with-black-cathedral-enamel-paillettes-chantecler-44729\/#breadcrumb\",\"itemListElement\":[{\"@type\":\"ListItem\",\"position\":1,\"name\":\"Home\",\"item\":\"https:\/\/juniorb.it\/en\/\"},{\"@type\":\"ListItem\",\"position\":2,\"name\":\"Shop\",\"item\":\"https:\/\/juniorb.it\/negozio\/\"},{\"@type\":\"ListItem\",\"position\":3,\"name\":\"18KT ROSE GOLD RING WITH BLACK CATHEDRAL ENAMEL PAILLETTES CHANTECLER 44729\"}]},{\"@type\":\"WebSite\",\"@id\":\"https:\/\/juniorb.it\/en\/#website\",\"url\":\"https:\/\/juniorb.it\/en\/\",\"name\":\"Juniorb\",\"description\":\"\",\"potentialAction\":[{\"@type\":\"SearchAction\",\"target\":{\"@type\":\"EntryPoint\",\"urlTemplate\":\"https:\/\/juniorb.it\/en\/?s={search_term_string}\"},\"query-input\":{\"@type\":\"PropertyValueSpecification\",\"valueRequired\":true,\"valueName\":\"search_term_string\"}}],\"inLanguage\":\"en-US\"}]}<\/script>\n<!-- \/ Yoast SEO plugin. -->","yoast_head_json":{"title":"18KT ROSE GOLD RING WITH BLACK CATHEDRAL ENAMEL PAILLETTES CHANTECLER 44729 - Juniorb","robots":{"index":"index","follow":"follow","max-snippet":"max-snippet:-1","max-image-preview":"max-image-preview:large","max-video-preview":"max-video-preview:-1"},"canonical":"https:\/\/juniorb.it\/en\/prodotto\/18kt-rose-gold-ring-with-black-cathedral-enamel-paillettes-chantecler-44729\/","og_locale":"en_US","og_type":"article","og_title":"18KT ROSE GOLD RING WITH BLACK CATHEDRAL ENAMEL PAILLETTES CHANTECLER 44729 - Juniorb","og_description":"Paillettes ring in 18kt rose gold and black cathedral enamel, featuring the Chantecler rooster outlined in diamonds","og_url":"https:\/\/juniorb.it\/en\/prodotto\/18kt-rose-gold-ring-with-black-cathedral-enamel-paillettes-chantecler-44729\/","og_site_name":"Juniorb","article_publisher":"https:\/\/www.facebook.com\/JuniorBItalia","article_modified_time":"2026-03-28T09:42:23+00:00","og_image":[{"width":800,"height":600,"url":"https:\/\/juniorb.it\/wp-content\/uploads\/2026\/03\/ANELLO-FIORE-IN-ORO-ROSA-E-SMALTO-CATTEDRALE-NERO-PAILLETTES-CHANTECLER-44729.webp","type":"image\/webp"}],"twitter_card":"summary_large_image","twitter_misc":{"Est. reading time":"1 minute"},"schema":{"@context":"https:\/\/schema.org","@graph":[{"@type":"WebPage","@id":"https:\/\/juniorb.it\/en\/prodotto\/18kt-rose-gold-ring-with-black-cathedral-enamel-paillettes-chantecler-44729\/","url":"https:\/\/juniorb.it\/en\/prodotto\/18kt-rose-gold-ring-with-black-cathedral-enamel-paillettes-chantecler-44729\/","name":"18KT ROSE GOLD RING WITH BLACK CATHEDRAL ENAMEL PAILLETTES CHANTECLER 44729 - Juniorb","isPartOf":{"@id":"https:\/\/juniorb.it\/en\/#website"},"primaryImageOfPage":{"@id":"https:\/\/juniorb.it\/en\/prodotto\/18kt-rose-gold-ring-with-black-cathedral-enamel-paillettes-chantecler-44729\/#primaryimage"},"image":{"@id":"https:\/\/juniorb.it\/en\/prodotto\/18kt-rose-gold-ring-with-black-cathedral-enamel-paillettes-chantecler-44729\/#primaryimage"},"thumbnailUrl":"https:\/\/juniorb.it\/wp-content\/uploads\/2026\/03\/ANELLO-FIORE-IN-ORO-ROSA-E-SMALTO-CATTEDRALE-NERO-PAILLETTES-CHANTECLER-44729.webp","datePublished":"2026-03-10T10:02:22+00:00","dateModified":"2026-03-28T09:42:23+00:00","breadcrumb":{"@id":"https:\/\/juniorb.it\/en\/prodotto\/18kt-rose-gold-ring-with-black-cathedral-enamel-paillettes-chantecler-44729\/#breadcrumb"},"inLanguage":"en-US","potentialAction":[{"@type":"ReadAction","target":["https:\/\/juniorb.it\/en\/prodotto\/18kt-rose-gold-ring-with-black-cathedral-enamel-paillettes-chantecler-44729\/"]}]},{"@type":"ImageObject","inLanguage":"en-US","@id":"https:\/\/juniorb.it\/en\/prodotto\/18kt-rose-gold-ring-with-black-cathedral-enamel-paillettes-chantecler-44729\/#primaryimage","url":"https:\/\/juniorb.it\/wp-content\/uploads\/2026\/03\/ANELLO-FIORE-IN-ORO-ROSA-E-SMALTO-CATTEDRALE-NERO-PAILLETTES-CHANTECLER-44729.webp","contentUrl":"https:\/\/juniorb.it\/wp-content\/uploads\/2026\/03\/ANELLO-FIORE-IN-ORO-ROSA-E-SMALTO-CATTEDRALE-NERO-PAILLETTES-CHANTECLER-44729.webp","width":800,"height":600},{"@type":"BreadcrumbList","@id":"https:\/\/juniorb.it\/en\/prodotto\/18kt-rose-gold-ring-with-black-cathedral-enamel-paillettes-chantecler-44729\/#breadcrumb","itemListElement":[{"@type":"ListItem","position":1,"name":"Home","item":"https:\/\/juniorb.it\/en\/"},{"@type":"ListItem","position":2,"name":"Shop","item":"https:\/\/juniorb.it\/negozio\/"},{"@type":"ListItem","position":3,"name":"18KT ROSE GOLD RING WITH BLACK CATHEDRAL ENAMEL PAILLETTES CHANTECLER 44729"}]},{"@type":"WebSite","@id":"https:\/\/juniorb.it\/en\/#website","url":"https:\/\/juniorb.it\/en\/","name":"Juniorb","description":"","potentialAction":[{"@type":"SearchAction","target":{"@type":"EntryPoint","urlTemplate":"https:\/\/juniorb.it\/en\/?s={search_term_string}"},"query-input":{"@type":"PropertyValueSpecification","valueRequired":true,"valueName":"search_term_string"}}],"inLanguage":"en-US"}]}},"_links":{"self":[{"href":"https:\/\/juniorb.it\/en\/wp-json\/wp\/v2\/product\/288084","targetHints":{"allow":["GET"]}}],"collection":[{"href":"https:\/\/juniorb.it\/en\/wp-json\/wp\/v2\/product"}],"about":[{"href":"https:\/\/juniorb.it\/en\/wp-json\/wp\/v2\/types\/product"}],"replies":[{"embeddable":true,"href":"https:\/\/juniorb.it\/en\/wp-json\/wp\/v2\/comments?post=288084"}],"wp:featuredmedia":[{"embeddable":true,"href":"https:\/\/juniorb.it\/en\/wp-json\/wp\/v2\/media\/288083"}],"wp:attachment":[{"href":"https:\/\/juniorb.it\/en\/wp-json\/wp\/v2\/media?parent=288084"}],"wp:term":[{"taxonomy":"product_brand","embeddable":true,"href":"https:\/\/juniorb.it\/en\/wp-json\/wp\/v2\/product_brand?post=288084"},{"taxonomy":"product_cat","embeddable":true,"href":"https:\/\/juniorb.it\/en\/wp-json\/wp\/v2\/product_cat?post=288084"},{"taxonomy":"product_tag","embeddable":true,"href":"https:\/\/juniorb.it\/en\/wp-json\/wp\/v2\/product_tag?post=288084"},{"taxonomy":"giftcard-category","embeddable":true,"href":"https:\/\/juniorb.it\/en\/wp-json\/wp\/v2\/giftcard-category?post=288084"}],"curies":[{"name":"wp","href":"https:\/\/api.w.org\/{rel}","templated":true}]}}